{"id":3711,"date":"2022-05-24T10:58:03","date_gmt":"2022-05-24T10:58:03","guid":{"rendered":"https:\/\/duxtreme4x4.com\/?post_type=product&#038;p=3711"},"modified":"2022-05-24T10:58:56","modified_gmt":"2022-05-24T10:58:56","slug":"jeep-cherokee-xj-1984-2001-snorkel","status":"publish","type":"product","link":"https:\/\/duxtreme4x4.com\/?product=jeep-cherokee-xj-1984-2001-snorkel","title":{"rendered":"JEEP CHEROKEE XJ (1984-2001) SNORKEL"},"content":{"rendered":"<p>Snorkel omogu\u0107ava vozilu da dobije hladniji i \u010distiji vazduh zbog svog visokog polo\u017eaja postavljanja koji se nalazi u visini krova.\u00a0Isto tako snorkel omogu\u0107ava motora\u00a0 od ulaska vode ( na primjer prilikom prelaska rijeke) kao I za\u0161titu od pra\u0161ine u raznim terenima (pustinja).<\/p>\n","protected":false},"excerpt":{"rendered":"<p><strong>Set sadr\u017ei<\/strong><\/p>\n<ul>\n<li>Uz snorkel do\u0111u svi potrebni dodaci za ugradnju (\u0161arafi, \u0161elne, produ\u017eeci crijeva, \u0161ablon)<\/li>\n<li>Materijal : LLDPE<\/li>\n<\/ul>\n<p>&nbsp;<\/p>\n","protected":false},"featured_media":0,"template":"","meta":[],"product_brand":[],"product_cat":[118,122],"product_tag":[123],"class_list":{"0":"post-3711","1":"product","2":"type-product","3":"status-publish","5":"product_cat-snorkeli","6":"product_cat-jeep","7":"product_tag-jeep","8":"badges-style-3","10":"first","11":"instock","12":"shipping-taxable","13":"purchasable","14":"product-type-simple"},"yoast_head":"<!-- This site is optimized with the Yoast SEO plugin v26.4 - https:\/\/yoast.com\/wordpress\/plugins\/seo\/ -->\n<title>JEEP CHEROKEE XJ (1984-2001) SNORKEL - duxtreme4x4<\/title>\n<meta name=\"robots\" content=\"index, follow, max-snippet:-1, max-image-preview:large, max-video-preview:-1\" \/>\n<link rel=\"canonical\" href=\"https:\/\/duxtreme4x4.com\/?product=jeep-cherokee-xj-1984-2001-snorkel\" \/>\n<meta property=\"og:locale\" content=\"bs_BA\" \/>\n<meta property=\"og:type\" content=\"article\" \/>\n<meta property=\"og:title\" content=\"JEEP CHEROKEE XJ (1984-2001) SNORKEL - duxtreme4x4\" \/>\n<meta property=\"og:description\" content=\"Set sadr\u017ei   Uz snorkel do\u0111u svi potrebni dodaci za ugradnju (\u0161arafi, \u0161elne, produ\u017eeci crijeva, \u0161ablon)  Materijal : LLDPE  &nbsp;\" \/>\n<meta property=\"og:url\" content=\"https:\/\/duxtreme4x4.com\/?product=jeep-cherokee-xj-1984-2001-snorkel\" \/>\n<meta property=\"og:site_name\" content=\"duxtreme4x4\" \/>\n<meta property=\"article:modified_time\" content=\"2022-05-24T10:58:56+00:00\" \/>\n<meta name=\"twitter:card\" content=\"summary_large_image\" \/>\n<script type=\"application\/ld+json\" class=\"yoast-schema-graph\">{\"@context\":\"https:\/\/schema.org\",\"@graph\":[{\"@type\":\"WebPage\",\"@id\":\"https:\/\/duxtreme4x4.com\/?product=jeep-cherokee-xj-1984-2001-snorkel\",\"url\":\"https:\/\/duxtreme4x4.com\/?product=jeep-cherokee-xj-1984-2001-snorkel\",\"name\":\"JEEP CHEROKEE XJ (1984-2001) SNORKEL - duxtreme4x4\",\"isPartOf\":{\"@id\":\"https:\/\/duxtreme4x4.com\/#website\"},\"datePublished\":\"2022-05-24T10:58:03+00:00\",\"dateModified\":\"2022-05-24T10:58:56+00:00\",\"breadcrumb\":{\"@id\":\"https:\/\/duxtreme4x4.com\/?product=jeep-cherokee-xj-1984-2001-snorkel#breadcrumb\"},\"inLanguage\":\"bs-BA\",\"potentialAction\":[{\"@type\":\"ReadAction\",\"target\":[\"https:\/\/duxtreme4x4.com\/?product=jeep-cherokee-xj-1984-2001-snorkel\"]}]},{\"@type\":\"BreadcrumbList\",\"@id\":\"https:\/\/duxtreme4x4.com\/?product=jeep-cherokee-xj-1984-2001-snorkel#breadcrumb\",\"itemListElement\":[{\"@type\":\"ListItem\",\"position\":1,\"name\":\"Home\",\"item\":\"https:\/\/duxtreme4x4.com\/\"},{\"@type\":\"ListItem\",\"position\":2,\"name\":\"Shop\",\"item\":\"https:\/\/duxtreme4x4.com\/?page_id=1705\"},{\"@type\":\"ListItem\",\"position\":3,\"name\":\"JEEP CHEROKEE XJ (1984-2001) SNORKEL\"}]},{\"@type\":\"WebSite\",\"@id\":\"https:\/\/duxtreme4x4.com\/#website\",\"url\":\"https:\/\/duxtreme4x4.com\/\",\"name\":\"duxtreme4x4\",\"description\":\"Off Road &amp; kamping oprema\",\"publisher\":{\"@id\":\"https:\/\/duxtreme4x4.com\/#organization\"},\"potentialAction\":[{\"@type\":\"SearchAction\",\"target\":{\"@type\":\"EntryPoint\",\"urlTemplate\":\"https:\/\/duxtreme4x4.com\/?s={search_term_string}\"},\"query-input\":{\"@type\":\"PropertyValueSpecification\",\"valueRequired\":true,\"valueName\":\"search_term_string\"}}],\"inLanguage\":\"bs-BA\"},{\"@type\":\"Organization\",\"@id\":\"https:\/\/duxtreme4x4.com\/#organization\",\"name\":\"duxtreme4x4\",\"url\":\"https:\/\/duxtreme4x4.com\/\",\"logo\":{\"@type\":\"ImageObject\",\"inLanguage\":\"bs-BA\",\"@id\":\"https:\/\/duxtreme4x4.com\/#\/schema\/logo\/image\/\",\"url\":\"https:\/\/duxtreme4x4.com\/wp-content\/uploads\/2022\/07\/LOGO-DUX-PNG.png\",\"contentUrl\":\"https:\/\/duxtreme4x4.com\/wp-content\/uploads\/2022\/07\/LOGO-DUX-PNG.png\",\"width\":222,\"height\":61,\"caption\":\"duxtreme4x4\"},\"image\":{\"@id\":\"https:\/\/duxtreme4x4.com\/#\/schema\/logo\/image\/\"}}]}<\/script>\n<!-- \/ Yoast SEO plugin. -->","yoast_head_json":{"title":"JEEP CHEROKEE XJ (1984-2001) SNORKEL - duxtreme4x4","robots":{"index":"index","follow":"follow","max-snippet":"max-snippet:-1","max-image-preview":"max-image-preview:large","max-video-preview":"max-video-preview:-1"},"canonical":"https:\/\/duxtreme4x4.com\/?product=jeep-cherokee-xj-1984-2001-snorkel","og_locale":"bs_BA","og_type":"article","og_title":"JEEP CHEROKEE XJ (1984-2001) SNORKEL - duxtreme4x4","og_description":"Set sadr\u017ei   Uz snorkel do\u0111u svi potrebni dodaci za ugradnju (\u0161arafi, \u0161elne, produ\u017eeci crijeva, \u0161ablon)  Materijal : LLDPE  &nbsp;","og_url":"https:\/\/duxtreme4x4.com\/?product=jeep-cherokee-xj-1984-2001-snorkel","og_site_name":"duxtreme4x4","article_modified_time":"2022-05-24T10:58:56+00:00","twitter_card":"summary_large_image","schema":{"@context":"https:\/\/schema.org","@graph":[{"@type":"WebPage","@id":"https:\/\/duxtreme4x4.com\/?product=jeep-cherokee-xj-1984-2001-snorkel","url":"https:\/\/duxtreme4x4.com\/?product=jeep-cherokee-xj-1984-2001-snorkel","name":"JEEP CHEROKEE XJ (1984-2001) SNORKEL - duxtreme4x4","isPartOf":{"@id":"https:\/\/duxtreme4x4.com\/#website"},"datePublished":"2022-05-24T10:58:03+00:00","dateModified":"2022-05-24T10:58:56+00:00","breadcrumb":{"@id":"https:\/\/duxtreme4x4.com\/?product=jeep-cherokee-xj-1984-2001-snorkel#breadcrumb"},"inLanguage":"bs-BA","potentialAction":[{"@type":"ReadAction","target":["https:\/\/duxtreme4x4.com\/?product=jeep-cherokee-xj-1984-2001-snorkel"]}]},{"@type":"BreadcrumbList","@id":"https:\/\/duxtreme4x4.com\/?product=jeep-cherokee-xj-1984-2001-snorkel#breadcrumb","itemListElement":[{"@type":"ListItem","position":1,"name":"Home","item":"https:\/\/duxtreme4x4.com\/"},{"@type":"ListItem","position":2,"name":"Shop","item":"https:\/\/duxtreme4x4.com\/?page_id=1705"},{"@type":"ListItem","position":3,"name":"JEEP CHEROKEE XJ (1984-2001) SNORKEL"}]},{"@type":"WebSite","@id":"https:\/\/duxtreme4x4.com\/#website","url":"https:\/\/duxtreme4x4.com\/","name":"duxtreme4x4","description":"Off Road &amp; kamping oprema","publisher":{"@id":"https:\/\/duxtreme4x4.com\/#organization"},"potentialAction":[{"@type":"SearchAction","target":{"@type":"EntryPoint","urlTemplate":"https:\/\/duxtreme4x4.com\/?s={search_term_string}"},"query-input":{"@type":"PropertyValueSpecification","valueRequired":true,"valueName":"search_term_string"}}],"inLanguage":"bs-BA"},{"@type":"Organization","@id":"https:\/\/duxtreme4x4.com\/#organization","name":"duxtreme4x4","url":"https:\/\/duxtreme4x4.com\/","logo":{"@type":"ImageObject","inLanguage":"bs-BA","@id":"https:\/\/duxtreme4x4.com\/#\/schema\/logo\/image\/","url":"https:\/\/duxtreme4x4.com\/wp-content\/uploads\/2022\/07\/LOGO-DUX-PNG.png","contentUrl":"https:\/\/duxtreme4x4.com\/wp-content\/uploads\/2022\/07\/LOGO-DUX-PNG.png","width":222,"height":61,"caption":"duxtreme4x4"},"image":{"@id":"https:\/\/duxtreme4x4.com\/#\/schema\/logo\/image\/"}}]}},"_links":{"self":[{"href":"https:\/\/duxtreme4x4.com\/index.php?rest_route=\/wp\/v2\/product\/3711","targetHints":{"allow":["GET"]}}],"collection":[{"href":"https:\/\/duxtreme4x4.com\/index.php?rest_route=\/wp\/v2\/product"}],"about":[{"href":"https:\/\/duxtreme4x4.com\/index.php?rest_route=\/wp\/v2\/types\/product"}],"wp:attachment":[{"href":"https:\/\/duxtreme4x4.com\/index.php?rest_route=%2Fwp%2Fv2%2Fmedia&parent=3711"}],"wp:term":[{"taxonomy":"product_brand","embeddable":true,"href":"https:\/\/duxtreme4x4.com\/index.php?rest_route=%2Fwp%2Fv2%2Fproduct_brand&post=3711"},{"taxonomy":"product_cat","embeddable":true,"href":"https:\/\/duxtreme4x4.com\/index.php?rest_route=%2Fwp%2Fv2%2Fproduct_cat&post=3711"},{"taxonomy":"product_tag","embeddable":true,"href":"https:\/\/duxtreme4x4.com\/index.php?rest_route=%2Fwp%2Fv2%2Fproduct_tag&post=3711"}],"curies":[{"name":"wp","href":"https:\/\/api.w.org\/{rel}","templated":true}]}}