{"id":3821,"date":"2022-06-10T07:24:05","date_gmt":"2022-06-10T07:24:05","guid":{"rendered":"https:\/\/duxtreme4x4.com\/?post_type=product&#038;p=3821"},"modified":"2022-06-10T07:24:52","modified_gmt":"2022-06-10T07:24:52","slug":"volkswagen-amarok-2010-snorkel","status":"publish","type":"product","link":"https:\/\/duxtreme4x4.com\/?product=volkswagen-amarok-2010-snorkel","title":{"rendered":"VOLKSWAGEN AMAROK (2010-) SNORKEL"},"content":{"rendered":"<p>Snorkel omogu\u0107ava vozilu da dobije hladniji i \u010distiji vazduh zbog svog visokog polo\u017eaja postavljanja koji se nalazi u visini krova.\u00a0Isto tako snorkel omogu\u0107ava motora\u00a0 od ulaska vode ( na primjer prilikom prelaska rijeke) kao I za\u0161titu od pra\u0161ine u raznim terenima (pustinja).<\/p>\n","protected":false},"excerpt":{"rendered":"<p><strong>Set sadr\u017ei<\/strong><\/p>\n<ul>\n<li>Uz snorkel do\u0111u svi potrebni dodaci za ugradnju (\u0161arafi, \u0161elne, produ\u017eeci crijeva, \u0161ablon)<\/li>\n<li>Materijal : LLDPE<\/li>\n<\/ul>\n<p>&nbsp;<\/p>\n","protected":false},"featured_media":3822,"template":"","meta":[],"product_brand":[],"product_cat":[118,134],"product_tag":[123],"class_list":{"0":"post-3821","1":"product","2":"type-product","3":"status-publish","4":"has-post-thumbnail","6":"product_cat-snorkeli","7":"product_cat-volkswagen","8":"product_tag-jeep","9":"badges-style-3","11":"first","12":"instock","13":"shipping-taxable","14":"purchasable","15":"product-type-simple"},"yoast_head":"<!-- This site is optimized with the Yoast SEO plugin v26.4 - https:\/\/yoast.com\/wordpress\/plugins\/seo\/ -->\n<title>VOLKSWAGEN AMAROK (2010-) SNORKEL - duxtreme4x4<\/title>\n<meta name=\"robots\" content=\"index, follow, max-snippet:-1, max-image-preview:large, max-video-preview:-1\" \/>\n<link rel=\"canonical\" href=\"https:\/\/duxtreme4x4.com\/?product=volkswagen-amarok-2010-snorkel\" \/>\n<meta property=\"og:locale\" content=\"bs_BA\" \/>\n<meta property=\"og:type\" content=\"article\" \/>\n<meta property=\"og:title\" content=\"VOLKSWAGEN AMAROK (2010-) SNORKEL - duxtreme4x4\" \/>\n<meta property=\"og:description\" content=\"Set sadr\u017ei   Uz snorkel do\u0111u svi potrebni dodaci za ugradnju (\u0161arafi, \u0161elne, produ\u017eeci crijeva, \u0161ablon)  Materijal : LLDPE  &nbsp;\" \/>\n<meta property=\"og:url\" content=\"https:\/\/duxtreme4x4.com\/?product=volkswagen-amarok-2010-snorkel\" \/>\n<meta property=\"og:site_name\" content=\"duxtreme4x4\" \/>\n<meta property=\"article:modified_time\" content=\"2022-06-10T07:24:52+00:00\" \/>\n<meta property=\"og:image\" content=\"https:\/\/duxtreme4x4.com\/wp-content\/uploads\/2022\/06\/45.png\" \/>\n\t<meta property=\"og:image:width\" content=\"600\" \/>\n\t<meta property=\"og:image:height\" content=\"600\" \/>\n\t<meta property=\"og:image:type\" content=\"image\/png\" \/>\n<meta name=\"twitter:card\" content=\"summary_large_image\" \/>\n<script type=\"application\/ld+json\" class=\"yoast-schema-graph\">{\"@context\":\"https:\/\/schema.org\",\"@graph\":[{\"@type\":\"WebPage\",\"@id\":\"https:\/\/duxtreme4x4.com\/?product=volkswagen-amarok-2010-snorkel\",\"url\":\"https:\/\/duxtreme4x4.com\/?product=volkswagen-amarok-2010-snorkel\",\"name\":\"VOLKSWAGEN AMAROK (2010-) SNORKEL - duxtreme4x4\",\"isPartOf\":{\"@id\":\"https:\/\/duxtreme4x4.com\/#website\"},\"primaryImageOfPage\":{\"@id\":\"https:\/\/duxtreme4x4.com\/?product=volkswagen-amarok-2010-snorkel#primaryimage\"},\"image\":{\"@id\":\"https:\/\/duxtreme4x4.com\/?product=volkswagen-amarok-2010-snorkel#primaryimage\"},\"thumbnailUrl\":\"https:\/\/duxtreme4x4.com\/wp-content\/uploads\/2022\/06\/45.png\",\"datePublished\":\"2022-06-10T07:24:05+00:00\",\"dateModified\":\"2022-06-10T07:24:52+00:00\",\"breadcrumb\":{\"@id\":\"https:\/\/duxtreme4x4.com\/?product=volkswagen-amarok-2010-snorkel#breadcrumb\"},\"inLanguage\":\"bs-BA\",\"potentialAction\":[{\"@type\":\"ReadAction\",\"target\":[\"https:\/\/duxtreme4x4.com\/?product=volkswagen-amarok-2010-snorkel\"]}]},{\"@type\":\"ImageObject\",\"inLanguage\":\"bs-BA\",\"@id\":\"https:\/\/duxtreme4x4.com\/?product=volkswagen-amarok-2010-snorkel#primaryimage\",\"url\":\"https:\/\/duxtreme4x4.com\/wp-content\/uploads\/2022\/06\/45.png\",\"contentUrl\":\"https:\/\/duxtreme4x4.com\/wp-content\/uploads\/2022\/06\/45.png\",\"width\":600,\"height\":600},{\"@type\":\"BreadcrumbList\",\"@id\":\"https:\/\/duxtreme4x4.com\/?product=volkswagen-amarok-2010-snorkel#breadcrumb\",\"itemListElement\":[{\"@type\":\"ListItem\",\"position\":1,\"name\":\"Home\",\"item\":\"https:\/\/duxtreme4x4.com\/\"},{\"@type\":\"ListItem\",\"position\":2,\"name\":\"Shop\",\"item\":\"https:\/\/duxtreme4x4.com\/?page_id=1705\"},{\"@type\":\"ListItem\",\"position\":3,\"name\":\"VOLKSWAGEN AMAROK (2010-) SNORKEL\"}]},{\"@type\":\"WebSite\",\"@id\":\"https:\/\/duxtreme4x4.com\/#website\",\"url\":\"https:\/\/duxtreme4x4.com\/\",\"name\":\"duxtreme4x4\",\"description\":\"Off Road &amp; kamping oprema\",\"publisher\":{\"@id\":\"https:\/\/duxtreme4x4.com\/#organization\"},\"potentialAction\":[{\"@type\":\"SearchAction\",\"target\":{\"@type\":\"EntryPoint\",\"urlTemplate\":\"https:\/\/duxtreme4x4.com\/?s={search_term_string}\"},\"query-input\":{\"@type\":\"PropertyValueSpecification\",\"valueRequired\":true,\"valueName\":\"search_term_string\"}}],\"inLanguage\":\"bs-BA\"},{\"@type\":\"Organization\",\"@id\":\"https:\/\/duxtreme4x4.com\/#organization\",\"name\":\"duxtreme4x4\",\"url\":\"https:\/\/duxtreme4x4.com\/\",\"logo\":{\"@type\":\"ImageObject\",\"inLanguage\":\"bs-BA\",\"@id\":\"https:\/\/duxtreme4x4.com\/#\/schema\/logo\/image\/\",\"url\":\"https:\/\/duxtreme4x4.com\/wp-content\/uploads\/2022\/07\/LOGO-DUX-PNG.png\",\"contentUrl\":\"https:\/\/duxtreme4x4.com\/wp-content\/uploads\/2022\/07\/LOGO-DUX-PNG.png\",\"width\":222,\"height\":61,\"caption\":\"duxtreme4x4\"},\"image\":{\"@id\":\"https:\/\/duxtreme4x4.com\/#\/schema\/logo\/image\/\"}}]}<\/script>\n<!-- \/ Yoast SEO plugin. -->","yoast_head_json":{"title":"VOLKSWAGEN AMAROK (2010-) SNORKEL - duxtreme4x4","robots":{"index":"index","follow":"follow","max-snippet":"max-snippet:-1","max-image-preview":"max-image-preview:large","max-video-preview":"max-video-preview:-1"},"canonical":"https:\/\/duxtreme4x4.com\/?product=volkswagen-amarok-2010-snorkel","og_locale":"bs_BA","og_type":"article","og_title":"VOLKSWAGEN AMAROK (2010-) SNORKEL - duxtreme4x4","og_description":"Set sadr\u017ei   Uz snorkel do\u0111u svi potrebni dodaci za ugradnju (\u0161arafi, \u0161elne, produ\u017eeci crijeva, \u0161ablon)  Materijal : LLDPE  &nbsp;","og_url":"https:\/\/duxtreme4x4.com\/?product=volkswagen-amarok-2010-snorkel","og_site_name":"duxtreme4x4","article_modified_time":"2022-06-10T07:24:52+00:00","og_image":[{"width":600,"height":600,"url":"https:\/\/duxtreme4x4.com\/wp-content\/uploads\/2022\/06\/45.png","type":"image\/png"}],"twitter_card":"summary_large_image","schema":{"@context":"https:\/\/schema.org","@graph":[{"@type":"WebPage","@id":"https:\/\/duxtreme4x4.com\/?product=volkswagen-amarok-2010-snorkel","url":"https:\/\/duxtreme4x4.com\/?product=volkswagen-amarok-2010-snorkel","name":"VOLKSWAGEN AMAROK (2010-) SNORKEL - duxtreme4x4","isPartOf":{"@id":"https:\/\/duxtreme4x4.com\/#website"},"primaryImageOfPage":{"@id":"https:\/\/duxtreme4x4.com\/?product=volkswagen-amarok-2010-snorkel#primaryimage"},"image":{"@id":"https:\/\/duxtreme4x4.com\/?product=volkswagen-amarok-2010-snorkel#primaryimage"},"thumbnailUrl":"https:\/\/duxtreme4x4.com\/wp-content\/uploads\/2022\/06\/45.png","datePublished":"2022-06-10T07:24:05+00:00","dateModified":"2022-06-10T07:24:52+00:00","breadcrumb":{"@id":"https:\/\/duxtreme4x4.com\/?product=volkswagen-amarok-2010-snorkel#breadcrumb"},"inLanguage":"bs-BA","potentialAction":[{"@type":"ReadAction","target":["https:\/\/duxtreme4x4.com\/?product=volkswagen-amarok-2010-snorkel"]}]},{"@type":"ImageObject","inLanguage":"bs-BA","@id":"https:\/\/duxtreme4x4.com\/?product=volkswagen-amarok-2010-snorkel#primaryimage","url":"https:\/\/duxtreme4x4.com\/wp-content\/uploads\/2022\/06\/45.png","contentUrl":"https:\/\/duxtreme4x4.com\/wp-content\/uploads\/2022\/06\/45.png","width":600,"height":600},{"@type":"BreadcrumbList","@id":"https:\/\/duxtreme4x4.com\/?product=volkswagen-amarok-2010-snorkel#breadcrumb","itemListElement":[{"@type":"ListItem","position":1,"name":"Home","item":"https:\/\/duxtreme4x4.com\/"},{"@type":"ListItem","position":2,"name":"Shop","item":"https:\/\/duxtreme4x4.com\/?page_id=1705"},{"@type":"ListItem","position":3,"name":"VOLKSWAGEN AMAROK (2010-) SNORKEL"}]},{"@type":"WebSite","@id":"https:\/\/duxtreme4x4.com\/#website","url":"https:\/\/duxtreme4x4.com\/","name":"duxtreme4x4","description":"Off Road &amp; kamping oprema","publisher":{"@id":"https:\/\/duxtreme4x4.com\/#organization"},"potentialAction":[{"@type":"SearchAction","target":{"@type":"EntryPoint","urlTemplate":"https:\/\/duxtreme4x4.com\/?s={search_term_string}"},"query-input":{"@type":"PropertyValueSpecification","valueRequired":true,"valueName":"search_term_string"}}],"inLanguage":"bs-BA"},{"@type":"Organization","@id":"https:\/\/duxtreme4x4.com\/#organization","name":"duxtreme4x4","url":"https:\/\/duxtreme4x4.com\/","logo":{"@type":"ImageObject","inLanguage":"bs-BA","@id":"https:\/\/duxtreme4x4.com\/#\/schema\/logo\/image\/","url":"https:\/\/duxtreme4x4.com\/wp-content\/uploads\/2022\/07\/LOGO-DUX-PNG.png","contentUrl":"https:\/\/duxtreme4x4.com\/wp-content\/uploads\/2022\/07\/LOGO-DUX-PNG.png","width":222,"height":61,"caption":"duxtreme4x4"},"image":{"@id":"https:\/\/duxtreme4x4.com\/#\/schema\/logo\/image\/"}}]}},"_links":{"self":[{"href":"https:\/\/duxtreme4x4.com\/index.php?rest_route=\/wp\/v2\/product\/3821","targetHints":{"allow":["GET"]}}],"collection":[{"href":"https:\/\/duxtreme4x4.com\/index.php?rest_route=\/wp\/v2\/product"}],"about":[{"href":"https:\/\/duxtreme4x4.com\/index.php?rest_route=\/wp\/v2\/types\/product"}],"wp:featuredmedia":[{"embeddable":true,"href":"https:\/\/duxtreme4x4.com\/index.php?rest_route=\/wp\/v2\/media\/3822"}],"wp:attachment":[{"href":"https:\/\/duxtreme4x4.com\/index.php?rest_route=%2Fwp%2Fv2%2Fmedia&parent=3821"}],"wp:term":[{"taxonomy":"product_brand","embeddable":true,"href":"https:\/\/duxtreme4x4.com\/index.php?rest_route=%2Fwp%2Fv2%2Fproduct_brand&post=3821"},{"taxonomy":"product_cat","embeddable":true,"href":"https:\/\/duxtreme4x4.com\/index.php?rest_route=%2Fwp%2Fv2%2Fproduct_cat&post=3821"},{"taxonomy":"product_tag","embeddable":true,"href":"https:\/\/duxtreme4x4.com\/index.php?rest_route=%2Fwp%2Fv2%2Fproduct_tag&post=3821"}],"curies":[{"name":"wp","href":"https:\/\/api.w.org\/{rel}","templated":true}]}}