{"id":3958,"date":"2022-06-12T09:01:08","date_gmt":"2022-06-12T09:01:08","guid":{"rendered":"https:\/\/duxtreme4x4.com\/?post_type=product&#038;p=3958"},"modified":"2022-08-17T07:00:50","modified_gmt":"2022-08-17T07:00:50","slug":"land-rover-defender-90-110-1983-2016","status":"publish","type":"product","link":"https:\/\/duxtreme4x4.com\/?product=land-rover-defender-90-110-1983-2016","title":{"rendered":"Land Rover Defender  90\/110 (1983-2016)"},"content":{"rendered":"","protected":false},"excerpt":{"rendered":"<p><strong>Specifikacije:<\/strong><\/p>\n<ul>\n<li>Model od 1983-2016<\/li>\n<li>\u0160irina : 12 cm<\/li>\n<li>Materijal : ABS plastika<\/li>\n<li>Uz rubove dolaze \u0161arafi za montiranje i guma za pri\u010dvr\u0161\u0107ivanje<\/li>\n<li>Pa\u0161e na model sa 2 i 4 vrata<\/li>\n<\/ul>\n","protected":false},"featured_media":3959,"template":"","meta":[],"product_brand":[],"product_cat":[139,144],"product_tag":[],"class_list":{"0":"post-3958","1":"product","2":"type-product","3":"status-publish","4":"has-post-thumbnail","6":"product_cat-rubovi-prosirenja-blatobrana","7":"product_cat-land-rover-rubovi-prosirenja-blatobrana","8":"badges-style-3","10":"first","11":"instock","12":"shipping-taxable","13":"purchasable","14":"product-type-simple"},"yoast_head":"<!-- This site is optimized with the Yoast SEO plugin v26.4 - https:\/\/yoast.com\/wordpress\/plugins\/seo\/ -->\n<title>Land Rover Defender 90\/110 (1983-2016) - duxtreme4x4<\/title>\n<meta name=\"robots\" content=\"index, follow, max-snippet:-1, max-image-preview:large, max-video-preview:-1\" \/>\n<link rel=\"canonical\" href=\"https:\/\/duxtreme4x4.com\/?product=land-rover-defender-90-110-1983-2016\" \/>\n<meta property=\"og:locale\" content=\"bs_BA\" \/>\n<meta property=\"og:type\" content=\"article\" \/>\n<meta property=\"og:title\" content=\"Land Rover Defender 90\/110 (1983-2016) - duxtreme4x4\" \/>\n<meta property=\"og:description\" content=\"Specifikacije:   Model od 1983-2016  \u0160irina : 12 cm  Materijal : ABS plastika  Uz rubove dolaze \u0161arafi za montiranje i guma za pri\u010dvr\u0161\u0107ivanje  Pa\u0161e na model sa 2 i 4 vrata\" \/>\n<meta property=\"og:url\" content=\"https:\/\/duxtreme4x4.com\/?product=land-rover-defender-90-110-1983-2016\" \/>\n<meta property=\"og:site_name\" content=\"duxtreme4x4\" \/>\n<meta property=\"article:modified_time\" content=\"2022-08-17T07:00:50+00:00\" \/>\n<meta property=\"og:image\" content=\"https:\/\/duxtreme4x4.com\/wp-content\/uploads\/2022\/06\/93.png\" \/>\n\t<meta property=\"og:image:width\" content=\"400\" \/>\n\t<meta property=\"og:image:height\" content=\"400\" \/>\n\t<meta property=\"og:image:type\" content=\"image\/png\" \/>\n<meta name=\"twitter:card\" content=\"summary_large_image\" \/>\n<script type=\"application\/ld+json\" class=\"yoast-schema-graph\">{\"@context\":\"https:\/\/schema.org\",\"@graph\":[{\"@type\":\"WebPage\",\"@id\":\"https:\/\/duxtreme4x4.com\/?product=land-rover-defender-90-110-1983-2016\",\"url\":\"https:\/\/duxtreme4x4.com\/?product=land-rover-defender-90-110-1983-2016\",\"name\":\"Land Rover Defender 90\/110 (1983-2016) - duxtreme4x4\",\"isPartOf\":{\"@id\":\"https:\/\/duxtreme4x4.com\/#website\"},\"primaryImageOfPage\":{\"@id\":\"https:\/\/duxtreme4x4.com\/?product=land-rover-defender-90-110-1983-2016#primaryimage\"},\"image\":{\"@id\":\"https:\/\/duxtreme4x4.com\/?product=land-rover-defender-90-110-1983-2016#primaryimage\"},\"thumbnailUrl\":\"https:\/\/duxtreme4x4.com\/wp-content\/uploads\/2022\/06\/93.png\",\"datePublished\":\"2022-06-12T09:01:08+00:00\",\"dateModified\":\"2022-08-17T07:00:50+00:00\",\"breadcrumb\":{\"@id\":\"https:\/\/duxtreme4x4.com\/?product=land-rover-defender-90-110-1983-2016#breadcrumb\"},\"inLanguage\":\"bs-BA\",\"potentialAction\":[{\"@type\":\"ReadAction\",\"target\":[\"https:\/\/duxtreme4x4.com\/?product=land-rover-defender-90-110-1983-2016\"]}]},{\"@type\":\"ImageObject\",\"inLanguage\":\"bs-BA\",\"@id\":\"https:\/\/duxtreme4x4.com\/?product=land-rover-defender-90-110-1983-2016#primaryimage\",\"url\":\"https:\/\/duxtreme4x4.com\/wp-content\/uploads\/2022\/06\/93.png\",\"contentUrl\":\"https:\/\/duxtreme4x4.com\/wp-content\/uploads\/2022\/06\/93.png\",\"width\":400,\"height\":400},{\"@type\":\"BreadcrumbList\",\"@id\":\"https:\/\/duxtreme4x4.com\/?product=land-rover-defender-90-110-1983-2016#breadcrumb\",\"itemListElement\":[{\"@type\":\"ListItem\",\"position\":1,\"name\":\"Home\",\"item\":\"https:\/\/duxtreme4x4.com\/\"},{\"@type\":\"ListItem\",\"position\":2,\"name\":\"Shop\",\"item\":\"https:\/\/duxtreme4x4.com\/?page_id=1705\"},{\"@type\":\"ListItem\",\"position\":3,\"name\":\"Land Rover Defender 90\/110 (1983-2016)\"}]},{\"@type\":\"WebSite\",\"@id\":\"https:\/\/duxtreme4x4.com\/#website\",\"url\":\"https:\/\/duxtreme4x4.com\/\",\"name\":\"duxtreme4x4\",\"description\":\"Off Road &amp; kamping oprema\",\"publisher\":{\"@id\":\"https:\/\/duxtreme4x4.com\/#organization\"},\"potentialAction\":[{\"@type\":\"SearchAction\",\"target\":{\"@type\":\"EntryPoint\",\"urlTemplate\":\"https:\/\/duxtreme4x4.com\/?s={search_term_string}\"},\"query-input\":{\"@type\":\"PropertyValueSpecification\",\"valueRequired\":true,\"valueName\":\"search_term_string\"}}],\"inLanguage\":\"bs-BA\"},{\"@type\":\"Organization\",\"@id\":\"https:\/\/duxtreme4x4.com\/#organization\",\"name\":\"duxtreme4x4\",\"url\":\"https:\/\/duxtreme4x4.com\/\",\"logo\":{\"@type\":\"ImageObject\",\"inLanguage\":\"bs-BA\",\"@id\":\"https:\/\/duxtreme4x4.com\/#\/schema\/logo\/image\/\",\"url\":\"https:\/\/duxtreme4x4.com\/wp-content\/uploads\/2022\/07\/LOGO-DUX-PNG.png\",\"contentUrl\":\"https:\/\/duxtreme4x4.com\/wp-content\/uploads\/2022\/07\/LOGO-DUX-PNG.png\",\"width\":222,\"height\":61,\"caption\":\"duxtreme4x4\"},\"image\":{\"@id\":\"https:\/\/duxtreme4x4.com\/#\/schema\/logo\/image\/\"}}]}<\/script>\n<!-- \/ Yoast SEO plugin. -->","yoast_head_json":{"title":"Land Rover Defender 90\/110 (1983-2016) - duxtreme4x4","robots":{"index":"index","follow":"follow","max-snippet":"max-snippet:-1","max-image-preview":"max-image-preview:large","max-video-preview":"max-video-preview:-1"},"canonical":"https:\/\/duxtreme4x4.com\/?product=land-rover-defender-90-110-1983-2016","og_locale":"bs_BA","og_type":"article","og_title":"Land Rover Defender 90\/110 (1983-2016) - duxtreme4x4","og_description":"Specifikacije:   Model od 1983-2016  \u0160irina : 12 cm  Materijal : ABS plastika  Uz rubove dolaze \u0161arafi za montiranje i guma za pri\u010dvr\u0161\u0107ivanje  Pa\u0161e na model sa 2 i 4 vrata","og_url":"https:\/\/duxtreme4x4.com\/?product=land-rover-defender-90-110-1983-2016","og_site_name":"duxtreme4x4","article_modified_time":"2022-08-17T07:00:50+00:00","og_image":[{"width":400,"height":400,"url":"https:\/\/duxtreme4x4.com\/wp-content\/uploads\/2022\/06\/93.png","type":"image\/png"}],"twitter_card":"summary_large_image","schema":{"@context":"https:\/\/schema.org","@graph":[{"@type":"WebPage","@id":"https:\/\/duxtreme4x4.com\/?product=land-rover-defender-90-110-1983-2016","url":"https:\/\/duxtreme4x4.com\/?product=land-rover-defender-90-110-1983-2016","name":"Land Rover Defender 90\/110 (1983-2016) - duxtreme4x4","isPartOf":{"@id":"https:\/\/duxtreme4x4.com\/#website"},"primaryImageOfPage":{"@id":"https:\/\/duxtreme4x4.com\/?product=land-rover-defender-90-110-1983-2016#primaryimage"},"image":{"@id":"https:\/\/duxtreme4x4.com\/?product=land-rover-defender-90-110-1983-2016#primaryimage"},"thumbnailUrl":"https:\/\/duxtreme4x4.com\/wp-content\/uploads\/2022\/06\/93.png","datePublished":"2022-06-12T09:01:08+00:00","dateModified":"2022-08-17T07:00:50+00:00","breadcrumb":{"@id":"https:\/\/duxtreme4x4.com\/?product=land-rover-defender-90-110-1983-2016#breadcrumb"},"inLanguage":"bs-BA","potentialAction":[{"@type":"ReadAction","target":["https:\/\/duxtreme4x4.com\/?product=land-rover-defender-90-110-1983-2016"]}]},{"@type":"ImageObject","inLanguage":"bs-BA","@id":"https:\/\/duxtreme4x4.com\/?product=land-rover-defender-90-110-1983-2016#primaryimage","url":"https:\/\/duxtreme4x4.com\/wp-content\/uploads\/2022\/06\/93.png","contentUrl":"https:\/\/duxtreme4x4.com\/wp-content\/uploads\/2022\/06\/93.png","width":400,"height":400},{"@type":"BreadcrumbList","@id":"https:\/\/duxtreme4x4.com\/?product=land-rover-defender-90-110-1983-2016#breadcrumb","itemListElement":[{"@type":"ListItem","position":1,"name":"Home","item":"https:\/\/duxtreme4x4.com\/"},{"@type":"ListItem","position":2,"name":"Shop","item":"https:\/\/duxtreme4x4.com\/?page_id=1705"},{"@type":"ListItem","position":3,"name":"Land Rover Defender 90\/110 (1983-2016)"}]},{"@type":"WebSite","@id":"https:\/\/duxtreme4x4.com\/#website","url":"https:\/\/duxtreme4x4.com\/","name":"duxtreme4x4","description":"Off Road &amp; kamping oprema","publisher":{"@id":"https:\/\/duxtreme4x4.com\/#organization"},"potentialAction":[{"@type":"SearchAction","target":{"@type":"EntryPoint","urlTemplate":"https:\/\/duxtreme4x4.com\/?s={search_term_string}"},"query-input":{"@type":"PropertyValueSpecification","valueRequired":true,"valueName":"search_term_string"}}],"inLanguage":"bs-BA"},{"@type":"Organization","@id":"https:\/\/duxtreme4x4.com\/#organization","name":"duxtreme4x4","url":"https:\/\/duxtreme4x4.com\/","logo":{"@type":"ImageObject","inLanguage":"bs-BA","@id":"https:\/\/duxtreme4x4.com\/#\/schema\/logo\/image\/","url":"https:\/\/duxtreme4x4.com\/wp-content\/uploads\/2022\/07\/LOGO-DUX-PNG.png","contentUrl":"https:\/\/duxtreme4x4.com\/wp-content\/uploads\/2022\/07\/LOGO-DUX-PNG.png","width":222,"height":61,"caption":"duxtreme4x4"},"image":{"@id":"https:\/\/duxtreme4x4.com\/#\/schema\/logo\/image\/"}}]}},"_links":{"self":[{"href":"https:\/\/duxtreme4x4.com\/index.php?rest_route=\/wp\/v2\/product\/3958","targetHints":{"allow":["GET"]}}],"collection":[{"href":"https:\/\/duxtreme4x4.com\/index.php?rest_route=\/wp\/v2\/product"}],"about":[{"href":"https:\/\/duxtreme4x4.com\/index.php?rest_route=\/wp\/v2\/types\/product"}],"wp:featuredmedia":[{"embeddable":true,"href":"https:\/\/duxtreme4x4.com\/index.php?rest_route=\/wp\/v2\/media\/3959"}],"wp:attachment":[{"href":"https:\/\/duxtreme4x4.com\/index.php?rest_route=%2Fwp%2Fv2%2Fmedia&parent=3958"}],"wp:term":[{"taxonomy":"product_brand","embeddable":true,"href":"https:\/\/duxtreme4x4.com\/index.php?rest_route=%2Fwp%2Fv2%2Fproduct_brand&post=3958"},{"taxonomy":"product_cat","embeddable":true,"href":"https:\/\/duxtreme4x4.com\/index.php?rest_route=%2Fwp%2Fv2%2Fproduct_cat&post=3958"},{"taxonomy":"product_tag","embeddable":true,"href":"https:\/\/duxtreme4x4.com\/index.php?rest_route=%2Fwp%2Fv2%2Fproduct_tag&post=3958"}],"curies":[{"name":"wp","href":"https:\/\/api.w.org\/{rel}","templated":true}]}}