{"id":3967,"date":"2022-06-12T09:13:19","date_gmt":"2022-06-12T09:13:19","guid":{"rendered":"https:\/\/duxtreme4x4.com\/?post_type=product&#038;p=3967"},"modified":"2022-06-12T09:13:46","modified_gmt":"2022-06-12T09:13:46","slug":"univerzalna-gumena-prosirenja-rubova-10-cm","status":"publish","type":"product","link":"https:\/\/duxtreme4x4.com\/?product=univerzalna-gumena-prosirenja-rubova-10-cm","title":{"rendered":"Univerzalna gumena pro\u0161irenja rubova 10 cm"},"content":{"rendered":"","protected":false},"excerpt":{"rendered":"<p><strong>Specifikacije:<\/strong><\/p>\n<ul>\n<li>\u0160irina : 10 cm<\/li>\n<li>Materijal : EPDM \u2013 elastomer na bazi etilen \u2013 propilen \u2013 dien gumi<\/li>\n<li>Uz rubove dolaze \u0161arafi za montiranje i \u017eica za \u010dvrsto\u0107u<\/li>\n<li>Set se sastoji od 4 dijela , svaki je 1.6 m duga\u010dak , sje\u010de se po mjeri<\/li>\n<li>Set sadr\u017ei \u017eicu unutar gume kao i ranflu radi \u010dvrsto\u0107e pro\u0161irenja<\/li>\n<\/ul>\n","protected":false},"featured_media":3964,"template":"","meta":[],"product_brand":[],"product_cat":[139,145],"product_tag":[],"class_list":{"0":"post-3967","1":"product","2":"type-product","3":"status-publish","4":"has-post-thumbnail","6":"product_cat-rubovi-prosirenja-blatobrana","7":"product_cat-univerzalno","8":"badges-style-3","10":"first","11":"instock","12":"shipping-taxable","13":"purchasable","14":"product-type-simple"},"yoast_head":"<!-- This site is optimized with the Yoast SEO plugin v26.4 - https:\/\/yoast.com\/wordpress\/plugins\/seo\/ -->\n<title>Univerzalna gumena pro\u0161irenja rubova 10 cm - duxtreme4x4<\/title>\n<meta name=\"robots\" content=\"index, follow, max-snippet:-1, max-image-preview:large, max-video-preview:-1\" \/>\n<link rel=\"canonical\" href=\"https:\/\/duxtreme4x4.com\/?product=univerzalna-gumena-prosirenja-rubova-10-cm\" \/>\n<meta property=\"og:locale\" content=\"bs_BA\" \/>\n<meta property=\"og:type\" content=\"article\" \/>\n<meta property=\"og:title\" content=\"Univerzalna gumena pro\u0161irenja rubova 10 cm - duxtreme4x4\" \/>\n<meta property=\"og:description\" content=\"Specifikacije:   \u0160irina : 10 cm  Materijal : EPDM \u2013 elastomer na bazi etilen \u2013 propilen \u2013 dien gumi  Uz rubove dolaze \u0161arafi za montiranje i \u017eica za \u010dvrsto\u0107u  Set se sastoji od 4 dijela , svaki je 1.6 m duga\u010dak , sje\u010de se po mjeri  Set sadr\u017ei \u017eicu unutar gume kao i ranflu radi \u010dvrsto\u0107e pro\u0161irenja\" \/>\n<meta property=\"og:url\" content=\"https:\/\/duxtreme4x4.com\/?product=univerzalna-gumena-prosirenja-rubova-10-cm\" \/>\n<meta property=\"og:site_name\" content=\"duxtreme4x4\" \/>\n<meta property=\"article:modified_time\" content=\"2022-06-12T09:13:46+00:00\" \/>\n<meta property=\"og:image\" content=\"https:\/\/duxtreme4x4.com\/wp-content\/uploads\/2022\/06\/96.png\" \/>\n\t<meta property=\"og:image:width\" content=\"2048\" \/>\n\t<meta property=\"og:image:height\" content=\"1536\" \/>\n\t<meta property=\"og:image:type\" content=\"image\/png\" \/>\n<meta name=\"twitter:card\" content=\"summary_large_image\" \/>\n<script type=\"application\/ld+json\" class=\"yoast-schema-graph\">{\"@context\":\"https:\/\/schema.org\",\"@graph\":[{\"@type\":\"WebPage\",\"@id\":\"https:\/\/duxtreme4x4.com\/?product=univerzalna-gumena-prosirenja-rubova-10-cm\",\"url\":\"https:\/\/duxtreme4x4.com\/?product=univerzalna-gumena-prosirenja-rubova-10-cm\",\"name\":\"Univerzalna gumena pro\u0161irenja rubova 10 cm - duxtreme4x4\",\"isPartOf\":{\"@id\":\"https:\/\/duxtreme4x4.com\/#website\"},\"primaryImageOfPage\":{\"@id\":\"https:\/\/duxtreme4x4.com\/?product=univerzalna-gumena-prosirenja-rubova-10-cm#primaryimage\"},\"image\":{\"@id\":\"https:\/\/duxtreme4x4.com\/?product=univerzalna-gumena-prosirenja-rubova-10-cm#primaryimage\"},\"thumbnailUrl\":\"https:\/\/duxtreme4x4.com\/wp-content\/uploads\/2022\/06\/96.png\",\"datePublished\":\"2022-06-12T09:13:19+00:00\",\"dateModified\":\"2022-06-12T09:13:46+00:00\",\"breadcrumb\":{\"@id\":\"https:\/\/duxtreme4x4.com\/?product=univerzalna-gumena-prosirenja-rubova-10-cm#breadcrumb\"},\"inLanguage\":\"bs-BA\",\"potentialAction\":[{\"@type\":\"ReadAction\",\"target\":[\"https:\/\/duxtreme4x4.com\/?product=univerzalna-gumena-prosirenja-rubova-10-cm\"]}]},{\"@type\":\"ImageObject\",\"inLanguage\":\"bs-BA\",\"@id\":\"https:\/\/duxtreme4x4.com\/?product=univerzalna-gumena-prosirenja-rubova-10-cm#primaryimage\",\"url\":\"https:\/\/duxtreme4x4.com\/wp-content\/uploads\/2022\/06\/96.png\",\"contentUrl\":\"https:\/\/duxtreme4x4.com\/wp-content\/uploads\/2022\/06\/96.png\",\"width\":2048,\"height\":1536},{\"@type\":\"BreadcrumbList\",\"@id\":\"https:\/\/duxtreme4x4.com\/?product=univerzalna-gumena-prosirenja-rubova-10-cm#breadcrumb\",\"itemListElement\":[{\"@type\":\"ListItem\",\"position\":1,\"name\":\"Home\",\"item\":\"https:\/\/duxtreme4x4.com\/\"},{\"@type\":\"ListItem\",\"position\":2,\"name\":\"Shop\",\"item\":\"https:\/\/duxtreme4x4.com\/?page_id=1705\"},{\"@type\":\"ListItem\",\"position\":3,\"name\":\"Univerzalna gumena pro\u0161irenja rubova 10 cm\"}]},{\"@type\":\"WebSite\",\"@id\":\"https:\/\/duxtreme4x4.com\/#website\",\"url\":\"https:\/\/duxtreme4x4.com\/\",\"name\":\"duxtreme4x4\",\"description\":\"Off Road &amp; kamping oprema\",\"publisher\":{\"@id\":\"https:\/\/duxtreme4x4.com\/#organization\"},\"potentialAction\":[{\"@type\":\"SearchAction\",\"target\":{\"@type\":\"EntryPoint\",\"urlTemplate\":\"https:\/\/duxtreme4x4.com\/?s={search_term_string}\"},\"query-input\":{\"@type\":\"PropertyValueSpecification\",\"valueRequired\":true,\"valueName\":\"search_term_string\"}}],\"inLanguage\":\"bs-BA\"},{\"@type\":\"Organization\",\"@id\":\"https:\/\/duxtreme4x4.com\/#organization\",\"name\":\"duxtreme4x4\",\"url\":\"https:\/\/duxtreme4x4.com\/\",\"logo\":{\"@type\":\"ImageObject\",\"inLanguage\":\"bs-BA\",\"@id\":\"https:\/\/duxtreme4x4.com\/#\/schema\/logo\/image\/\",\"url\":\"https:\/\/duxtreme4x4.com\/wp-content\/uploads\/2022\/07\/LOGO-DUX-PNG.png\",\"contentUrl\":\"https:\/\/duxtreme4x4.com\/wp-content\/uploads\/2022\/07\/LOGO-DUX-PNG.png\",\"width\":222,\"height\":61,\"caption\":\"duxtreme4x4\"},\"image\":{\"@id\":\"https:\/\/duxtreme4x4.com\/#\/schema\/logo\/image\/\"}}]}<\/script>\n<!-- \/ Yoast SEO plugin. -->","yoast_head_json":{"title":"Univerzalna gumena pro\u0161irenja rubova 10 cm - duxtreme4x4","robots":{"index":"index","follow":"follow","max-snippet":"max-snippet:-1","max-image-preview":"max-image-preview:large","max-video-preview":"max-video-preview:-1"},"canonical":"https:\/\/duxtreme4x4.com\/?product=univerzalna-gumena-prosirenja-rubova-10-cm","og_locale":"bs_BA","og_type":"article","og_title":"Univerzalna gumena pro\u0161irenja rubova 10 cm - duxtreme4x4","og_description":"Specifikacije:   \u0160irina : 10 cm  Materijal : EPDM \u2013 elastomer na bazi etilen \u2013 propilen \u2013 dien gumi  Uz rubove dolaze \u0161arafi za montiranje i \u017eica za \u010dvrsto\u0107u  Set se sastoji od 4 dijela , svaki je 1.6 m duga\u010dak , sje\u010de se po mjeri  Set sadr\u017ei \u017eicu unutar gume kao i ranflu radi \u010dvrsto\u0107e pro\u0161irenja","og_url":"https:\/\/duxtreme4x4.com\/?product=univerzalna-gumena-prosirenja-rubova-10-cm","og_site_name":"duxtreme4x4","article_modified_time":"2022-06-12T09:13:46+00:00","og_image":[{"width":2048,"height":1536,"url":"https:\/\/duxtreme4x4.com\/wp-content\/uploads\/2022\/06\/96.png","type":"image\/png"}],"twitter_card":"summary_large_image","schema":{"@context":"https:\/\/schema.org","@graph":[{"@type":"WebPage","@id":"https:\/\/duxtreme4x4.com\/?product=univerzalna-gumena-prosirenja-rubova-10-cm","url":"https:\/\/duxtreme4x4.com\/?product=univerzalna-gumena-prosirenja-rubova-10-cm","name":"Univerzalna gumena pro\u0161irenja rubova 10 cm - duxtreme4x4","isPartOf":{"@id":"https:\/\/duxtreme4x4.com\/#website"},"primaryImageOfPage":{"@id":"https:\/\/duxtreme4x4.com\/?product=univerzalna-gumena-prosirenja-rubova-10-cm#primaryimage"},"image":{"@id":"https:\/\/duxtreme4x4.com\/?product=univerzalna-gumena-prosirenja-rubova-10-cm#primaryimage"},"thumbnailUrl":"https:\/\/duxtreme4x4.com\/wp-content\/uploads\/2022\/06\/96.png","datePublished":"2022-06-12T09:13:19+00:00","dateModified":"2022-06-12T09:13:46+00:00","breadcrumb":{"@id":"https:\/\/duxtreme4x4.com\/?product=univerzalna-gumena-prosirenja-rubova-10-cm#breadcrumb"},"inLanguage":"bs-BA","potentialAction":[{"@type":"ReadAction","target":["https:\/\/duxtreme4x4.com\/?product=univerzalna-gumena-prosirenja-rubova-10-cm"]}]},{"@type":"ImageObject","inLanguage":"bs-BA","@id":"https:\/\/duxtreme4x4.com\/?product=univerzalna-gumena-prosirenja-rubova-10-cm#primaryimage","url":"https:\/\/duxtreme4x4.com\/wp-content\/uploads\/2022\/06\/96.png","contentUrl":"https:\/\/duxtreme4x4.com\/wp-content\/uploads\/2022\/06\/96.png","width":2048,"height":1536},{"@type":"BreadcrumbList","@id":"https:\/\/duxtreme4x4.com\/?product=univerzalna-gumena-prosirenja-rubova-10-cm#breadcrumb","itemListElement":[{"@type":"ListItem","position":1,"name":"Home","item":"https:\/\/duxtreme4x4.com\/"},{"@type":"ListItem","position":2,"name":"Shop","item":"https:\/\/duxtreme4x4.com\/?page_id=1705"},{"@type":"ListItem","position":3,"name":"Univerzalna gumena pro\u0161irenja rubova 10 cm"}]},{"@type":"WebSite","@id":"https:\/\/duxtreme4x4.com\/#website","url":"https:\/\/duxtreme4x4.com\/","name":"duxtreme4x4","description":"Off Road &amp; kamping oprema","publisher":{"@id":"https:\/\/duxtreme4x4.com\/#organization"},"potentialAction":[{"@type":"SearchAction","target":{"@type":"EntryPoint","urlTemplate":"https:\/\/duxtreme4x4.com\/?s={search_term_string}"},"query-input":{"@type":"PropertyValueSpecification","valueRequired":true,"valueName":"search_term_string"}}],"inLanguage":"bs-BA"},{"@type":"Organization","@id":"https:\/\/duxtreme4x4.com\/#organization","name":"duxtreme4x4","url":"https:\/\/duxtreme4x4.com\/","logo":{"@type":"ImageObject","inLanguage":"bs-BA","@id":"https:\/\/duxtreme4x4.com\/#\/schema\/logo\/image\/","url":"https:\/\/duxtreme4x4.com\/wp-content\/uploads\/2022\/07\/LOGO-DUX-PNG.png","contentUrl":"https:\/\/duxtreme4x4.com\/wp-content\/uploads\/2022\/07\/LOGO-DUX-PNG.png","width":222,"height":61,"caption":"duxtreme4x4"},"image":{"@id":"https:\/\/duxtreme4x4.com\/#\/schema\/logo\/image\/"}}]}},"_links":{"self":[{"href":"https:\/\/duxtreme4x4.com\/index.php?rest_route=\/wp\/v2\/product\/3967","targetHints":{"allow":["GET"]}}],"collection":[{"href":"https:\/\/duxtreme4x4.com\/index.php?rest_route=\/wp\/v2\/product"}],"about":[{"href":"https:\/\/duxtreme4x4.com\/index.php?rest_route=\/wp\/v2\/types\/product"}],"wp:featuredmedia":[{"embeddable":true,"href":"https:\/\/duxtreme4x4.com\/index.php?rest_route=\/wp\/v2\/media\/3964"}],"wp:attachment":[{"href":"https:\/\/duxtreme4x4.com\/index.php?rest_route=%2Fwp%2Fv2%2Fmedia&parent=3967"}],"wp:term":[{"taxonomy":"product_brand","embeddable":true,"href":"https:\/\/duxtreme4x4.com\/index.php?rest_route=%2Fwp%2Fv2%2Fproduct_brand&post=3967"},{"taxonomy":"product_cat","embeddable":true,"href":"https:\/\/duxtreme4x4.com\/index.php?rest_route=%2Fwp%2Fv2%2Fproduct_cat&post=3967"},{"taxonomy":"product_tag","embeddable":true,"href":"https:\/\/duxtreme4x4.com\/index.php?rest_route=%2Fwp%2Fv2%2Fproduct_tag&post=3967"}],"curies":[{"name":"wp","href":"https:\/\/api.w.org\/{rel}","templated":true}]}}