{"id":4053,"date":"2022-07-15T07:57:02","date_gmt":"2022-07-15T07:57:02","guid":{"rendered":"https:\/\/duxtreme4x4.com\/?post_type=product&#038;p=4053"},"modified":"2022-08-17T06:48:12","modified_gmt":"2022-08-17T06:48:12","slug":"vitlo-3500-lbs-1-6-t-sa-celicnom-sajlom","status":"publish","type":"product","link":"https:\/\/duxtreme4x4.com\/?product=vitlo-3500-lbs-1-6-t-sa-celicnom-sajlom","title":{"rendered":"Vitlo 3500 lbs (1.6 t) sa \u010deli\u010dnom sajlom"},"content":{"rendered":"","protected":false},"excerpt":{"rendered":"<p><strong>Specifikacije:<\/strong><\/p>\n<ul>\n<li>Volta\u017ea 12V<\/li>\n<li>Snaga 3500 lbs (1.6t)<\/li>\n<li>Motor 1.2 kw &#8211; 1.6 ks<\/li>\n<li>Prenos 135:1<\/li>\n<li>Du\u017eina u\u017eeta 10 m<\/li>\n<li>Dimezije 34 x 11 x 11.2 cm<\/li>\n<li>Debljina u\u017eeta 5 mm<\/li>\n<li>Planetarni prenosnici u 3 stepena<\/li>\n<li>Uz vitlo dolaze svi neophodni dodaci (d\u017eojstik, daljinski upravlja\u010d, kablovi za povezivanje, upravlja\u010dka kutija, kuka, plo\u010devina za montiranje)<\/li>\n<\/ul>\n","protected":false},"featured_media":4782,"template":"","meta":[],"product_brand":[],"product_cat":[154,186],"product_tag":[],"class_list":{"0":"post-4053","1":"product","2":"type-product","3":"status-publish","4":"has-post-thumbnail","6":"product_cat-vitla","7":"product_cat-vitla-vitla","8":"badges-style-3","10":"first","11":"instock","12":"shipping-taxable","13":"purchasable","14":"product-type-simple"},"yoast_head":"<!-- This site is optimized with the Yoast SEO plugin v26.4 - https:\/\/yoast.com\/wordpress\/plugins\/seo\/ -->\n<title>Vitlo 3500 lbs (1.6 t) sa \u010deli\u010dnom sajlom - duxtreme4x4<\/title>\n<meta name=\"robots\" content=\"index, follow, max-snippet:-1, max-image-preview:large, max-video-preview:-1\" \/>\n<link rel=\"canonical\" href=\"https:\/\/duxtreme4x4.com\/?product=vitlo-3500-lbs-1-6-t-sa-celicnom-sajlom\" \/>\n<meta property=\"og:locale\" content=\"bs_BA\" \/>\n<meta property=\"og:type\" content=\"article\" \/>\n<meta property=\"og:title\" content=\"Vitlo 3500 lbs (1.6 t) sa \u010deli\u010dnom sajlom - duxtreme4x4\" \/>\n<meta property=\"og:description\" content=\"Specifikacije:   Volta\u017ea 12V  Snaga 3500 lbs (1.6t)  Motor 1.2 kw - 1.6 ks  Prenos 135:1  Du\u017eina u\u017eeta 10 m  Dimezije 34 x 11 x 11.2 cm  Debljina u\u017eeta 5 mm  Planetarni prenosnici u 3 stepena  Uz vitlo dolaze svi neophodni dodaci (d\u017eojstik, daljinski upravlja\u010d, kablovi za povezivanje, upravlja\u010dka kutija, kuka, plo\u010devina za montiranje)\" \/>\n<meta property=\"og:url\" content=\"https:\/\/duxtreme4x4.com\/?product=vitlo-3500-lbs-1-6-t-sa-celicnom-sajlom\" \/>\n<meta property=\"og:site_name\" content=\"duxtreme4x4\" \/>\n<meta property=\"article:modified_time\" content=\"2022-08-17T06:48:12+00:00\" \/>\n<meta property=\"og:image\" content=\"https:\/\/duxtreme4x4.com\/wp-content\/uploads\/2022\/07\/V1.jpg\" \/>\n\t<meta property=\"og:image:width\" content=\"748\" \/>\n\t<meta property=\"og:image:height\" content=\"651\" \/>\n\t<meta property=\"og:image:type\" content=\"image\/jpeg\" \/>\n<meta name=\"twitter:card\" content=\"summary_large_image\" \/>\n<script type=\"application\/ld+json\" class=\"yoast-schema-graph\">{\"@context\":\"https:\/\/schema.org\",\"@graph\":[{\"@type\":\"WebPage\",\"@id\":\"https:\/\/duxtreme4x4.com\/?product=vitlo-3500-lbs-1-6-t-sa-celicnom-sajlom\",\"url\":\"https:\/\/duxtreme4x4.com\/?product=vitlo-3500-lbs-1-6-t-sa-celicnom-sajlom\",\"name\":\"Vitlo 3500 lbs (1.6 t) sa \u010deli\u010dnom sajlom - duxtreme4x4\",\"isPartOf\":{\"@id\":\"https:\/\/duxtreme4x4.com\/#website\"},\"primaryImageOfPage\":{\"@id\":\"https:\/\/duxtreme4x4.com\/?product=vitlo-3500-lbs-1-6-t-sa-celicnom-sajlom#primaryimage\"},\"image\":{\"@id\":\"https:\/\/duxtreme4x4.com\/?product=vitlo-3500-lbs-1-6-t-sa-celicnom-sajlom#primaryimage\"},\"thumbnailUrl\":\"https:\/\/duxtreme4x4.com\/wp-content\/uploads\/2022\/07\/V1.jpg\",\"datePublished\":\"2022-07-15T07:57:02+00:00\",\"dateModified\":\"2022-08-17T06:48:12+00:00\",\"breadcrumb\":{\"@id\":\"https:\/\/duxtreme4x4.com\/?product=vitlo-3500-lbs-1-6-t-sa-celicnom-sajlom#breadcrumb\"},\"inLanguage\":\"bs-BA\",\"potentialAction\":[{\"@type\":\"ReadAction\",\"target\":[\"https:\/\/duxtreme4x4.com\/?product=vitlo-3500-lbs-1-6-t-sa-celicnom-sajlom\"]}]},{\"@type\":\"ImageObject\",\"inLanguage\":\"bs-BA\",\"@id\":\"https:\/\/duxtreme4x4.com\/?product=vitlo-3500-lbs-1-6-t-sa-celicnom-sajlom#primaryimage\",\"url\":\"https:\/\/duxtreme4x4.com\/wp-content\/uploads\/2022\/07\/V1.jpg\",\"contentUrl\":\"https:\/\/duxtreme4x4.com\/wp-content\/uploads\/2022\/07\/V1.jpg\",\"width\":748,\"height\":651},{\"@type\":\"BreadcrumbList\",\"@id\":\"https:\/\/duxtreme4x4.com\/?product=vitlo-3500-lbs-1-6-t-sa-celicnom-sajlom#breadcrumb\",\"itemListElement\":[{\"@type\":\"ListItem\",\"position\":1,\"name\":\"Home\",\"item\":\"https:\/\/duxtreme4x4.com\/\"},{\"@type\":\"ListItem\",\"position\":2,\"name\":\"Shop\",\"item\":\"https:\/\/duxtreme4x4.com\/?page_id=1705\"},{\"@type\":\"ListItem\",\"position\":3,\"name\":\"Vitlo 3500 lbs (1.6 t) sa \u010deli\u010dnom sajlom\"}]},{\"@type\":\"WebSite\",\"@id\":\"https:\/\/duxtreme4x4.com\/#website\",\"url\":\"https:\/\/duxtreme4x4.com\/\",\"name\":\"duxtreme4x4\",\"description\":\"Off Road &amp; kamping oprema\",\"publisher\":{\"@id\":\"https:\/\/duxtreme4x4.com\/#organization\"},\"potentialAction\":[{\"@type\":\"SearchAction\",\"target\":{\"@type\":\"EntryPoint\",\"urlTemplate\":\"https:\/\/duxtreme4x4.com\/?s={search_term_string}\"},\"query-input\":{\"@type\":\"PropertyValueSpecification\",\"valueRequired\":true,\"valueName\":\"search_term_string\"}}],\"inLanguage\":\"bs-BA\"},{\"@type\":\"Organization\",\"@id\":\"https:\/\/duxtreme4x4.com\/#organization\",\"name\":\"duxtreme4x4\",\"url\":\"https:\/\/duxtreme4x4.com\/\",\"logo\":{\"@type\":\"ImageObject\",\"inLanguage\":\"bs-BA\",\"@id\":\"https:\/\/duxtreme4x4.com\/#\/schema\/logo\/image\/\",\"url\":\"https:\/\/duxtreme4x4.com\/wp-content\/uploads\/2022\/07\/LOGO-DUX-PNG.png\",\"contentUrl\":\"https:\/\/duxtreme4x4.com\/wp-content\/uploads\/2022\/07\/LOGO-DUX-PNG.png\",\"width\":222,\"height\":61,\"caption\":\"duxtreme4x4\"},\"image\":{\"@id\":\"https:\/\/duxtreme4x4.com\/#\/schema\/logo\/image\/\"}}]}<\/script>\n<!-- \/ Yoast SEO plugin. -->","yoast_head_json":{"title":"Vitlo 3500 lbs (1.6 t) sa \u010deli\u010dnom sajlom - duxtreme4x4","robots":{"index":"index","follow":"follow","max-snippet":"max-snippet:-1","max-image-preview":"max-image-preview:large","max-video-preview":"max-video-preview:-1"},"canonical":"https:\/\/duxtreme4x4.com\/?product=vitlo-3500-lbs-1-6-t-sa-celicnom-sajlom","og_locale":"bs_BA","og_type":"article","og_title":"Vitlo 3500 lbs (1.6 t) sa \u010deli\u010dnom sajlom - duxtreme4x4","og_description":"Specifikacije:   Volta\u017ea 12V  Snaga 3500 lbs (1.6t)  Motor 1.2 kw - 1.6 ks  Prenos 135:1  Du\u017eina u\u017eeta 10 m  Dimezije 34 x 11 x 11.2 cm  Debljina u\u017eeta 5 mm  Planetarni prenosnici u 3 stepena  Uz vitlo dolaze svi neophodni dodaci (d\u017eojstik, daljinski upravlja\u010d, kablovi za povezivanje, upravlja\u010dka kutija, kuka, plo\u010devina za montiranje)","og_url":"https:\/\/duxtreme4x4.com\/?product=vitlo-3500-lbs-1-6-t-sa-celicnom-sajlom","og_site_name":"duxtreme4x4","article_modified_time":"2022-08-17T06:48:12+00:00","og_image":[{"width":748,"height":651,"url":"https:\/\/duxtreme4x4.com\/wp-content\/uploads\/2022\/07\/V1.jpg","type":"image\/jpeg"}],"twitter_card":"summary_large_image","schema":{"@context":"https:\/\/schema.org","@graph":[{"@type":"WebPage","@id":"https:\/\/duxtreme4x4.com\/?product=vitlo-3500-lbs-1-6-t-sa-celicnom-sajlom","url":"https:\/\/duxtreme4x4.com\/?product=vitlo-3500-lbs-1-6-t-sa-celicnom-sajlom","name":"Vitlo 3500 lbs (1.6 t) sa \u010deli\u010dnom sajlom - duxtreme4x4","isPartOf":{"@id":"https:\/\/duxtreme4x4.com\/#website"},"primaryImageOfPage":{"@id":"https:\/\/duxtreme4x4.com\/?product=vitlo-3500-lbs-1-6-t-sa-celicnom-sajlom#primaryimage"},"image":{"@id":"https:\/\/duxtreme4x4.com\/?product=vitlo-3500-lbs-1-6-t-sa-celicnom-sajlom#primaryimage"},"thumbnailUrl":"https:\/\/duxtreme4x4.com\/wp-content\/uploads\/2022\/07\/V1.jpg","datePublished":"2022-07-15T07:57:02+00:00","dateModified":"2022-08-17T06:48:12+00:00","breadcrumb":{"@id":"https:\/\/duxtreme4x4.com\/?product=vitlo-3500-lbs-1-6-t-sa-celicnom-sajlom#breadcrumb"},"inLanguage":"bs-BA","potentialAction":[{"@type":"ReadAction","target":["https:\/\/duxtreme4x4.com\/?product=vitlo-3500-lbs-1-6-t-sa-celicnom-sajlom"]}]},{"@type":"ImageObject","inLanguage":"bs-BA","@id":"https:\/\/duxtreme4x4.com\/?product=vitlo-3500-lbs-1-6-t-sa-celicnom-sajlom#primaryimage","url":"https:\/\/duxtreme4x4.com\/wp-content\/uploads\/2022\/07\/V1.jpg","contentUrl":"https:\/\/duxtreme4x4.com\/wp-content\/uploads\/2022\/07\/V1.jpg","width":748,"height":651},{"@type":"BreadcrumbList","@id":"https:\/\/duxtreme4x4.com\/?product=vitlo-3500-lbs-1-6-t-sa-celicnom-sajlom#breadcrumb","itemListElement":[{"@type":"ListItem","position":1,"name":"Home","item":"https:\/\/duxtreme4x4.com\/"},{"@type":"ListItem","position":2,"name":"Shop","item":"https:\/\/duxtreme4x4.com\/?page_id=1705"},{"@type":"ListItem","position":3,"name":"Vitlo 3500 lbs (1.6 t) sa \u010deli\u010dnom sajlom"}]},{"@type":"WebSite","@id":"https:\/\/duxtreme4x4.com\/#website","url":"https:\/\/duxtreme4x4.com\/","name":"duxtreme4x4","description":"Off Road &amp; kamping oprema","publisher":{"@id":"https:\/\/duxtreme4x4.com\/#organization"},"potentialAction":[{"@type":"SearchAction","target":{"@type":"EntryPoint","urlTemplate":"https:\/\/duxtreme4x4.com\/?s={search_term_string}"},"query-input":{"@type":"PropertyValueSpecification","valueRequired":true,"valueName":"search_term_string"}}],"inLanguage":"bs-BA"},{"@type":"Organization","@id":"https:\/\/duxtreme4x4.com\/#organization","name":"duxtreme4x4","url":"https:\/\/duxtreme4x4.com\/","logo":{"@type":"ImageObject","inLanguage":"bs-BA","@id":"https:\/\/duxtreme4x4.com\/#\/schema\/logo\/image\/","url":"https:\/\/duxtreme4x4.com\/wp-content\/uploads\/2022\/07\/LOGO-DUX-PNG.png","contentUrl":"https:\/\/duxtreme4x4.com\/wp-content\/uploads\/2022\/07\/LOGO-DUX-PNG.png","width":222,"height":61,"caption":"duxtreme4x4"},"image":{"@id":"https:\/\/duxtreme4x4.com\/#\/schema\/logo\/image\/"}}]}},"_links":{"self":[{"href":"https:\/\/duxtreme4x4.com\/index.php?rest_route=\/wp\/v2\/product\/4053","targetHints":{"allow":["GET"]}}],"collection":[{"href":"https:\/\/duxtreme4x4.com\/index.php?rest_route=\/wp\/v2\/product"}],"about":[{"href":"https:\/\/duxtreme4x4.com\/index.php?rest_route=\/wp\/v2\/types\/product"}],"wp:featuredmedia":[{"embeddable":true,"href":"https:\/\/duxtreme4x4.com\/index.php?rest_route=\/wp\/v2\/media\/4782"}],"wp:attachment":[{"href":"https:\/\/duxtreme4x4.com\/index.php?rest_route=%2Fwp%2Fv2%2Fmedia&parent=4053"}],"wp:term":[{"taxonomy":"product_brand","embeddable":true,"href":"https:\/\/duxtreme4x4.com\/index.php?rest_route=%2Fwp%2Fv2%2Fproduct_brand&post=4053"},{"taxonomy":"product_cat","embeddable":true,"href":"https:\/\/duxtreme4x4.com\/index.php?rest_route=%2Fwp%2Fv2%2Fproduct_cat&post=4053"},{"taxonomy":"product_tag","embeddable":true,"href":"https:\/\/duxtreme4x4.com\/index.php?rest_route=%2Fwp%2Fv2%2Fproduct_tag&post=4053"}],"curies":[{"name":"wp","href":"https:\/\/api.w.org\/{rel}","templated":true}]}}