{"id":4443,"date":"2022-07-25T06:23:17","date_gmt":"2022-07-25T06:23:17","guid":{"rendered":"https:\/\/duxtreme4x4.com\/?post_type=product&#038;p=4443"},"modified":"2022-08-17T07:14:06","modified_gmt":"2022-08-17T07:14:06","slug":"set-prekidaca-svjetala","status":"publish","type":"product","link":"https:\/\/duxtreme4x4.com\/?product=set-prekidaca-svjetala","title":{"rendered":"Set prekida\u010da svjetala"},"content":{"rendered":"","protected":false},"excerpt":{"rendered":"<p><strong>Specifikacije:<\/strong><\/p>\n<p>Set se satoji od 6 komada prekida\u010da :<\/p>\n<ul>\n<li>Led light bar (prekida\u010di za led barove)<\/li>\n<li>Spot light (reflektor)<\/li>\n<li>Side lights (bo\u010dna svjetla)<\/li>\n<li>Roof lights (krovna svjetla)<\/li>\n<li>Zombie lights (zombi svjetla)<\/li>\n<li>Driving lights (svjetla za vo\u017enju)<\/li>\n<\/ul>\n","protected":false},"featured_media":4803,"template":"","meta":[],"product_brand":[],"product_cat":[165],"product_tag":[],"class_list":{"0":"post-4443","1":"product","2":"type-product","3":"status-publish","4":"has-post-thumbnail","6":"product_cat-led-rasvjeta-i-farovi","7":"badges-style-3","9":"first","10":"instock","11":"shipping-taxable","12":"purchasable","13":"product-type-simple"},"yoast_head":"<!-- This site is optimized with the Yoast SEO plugin v26.4 - https:\/\/yoast.com\/wordpress\/plugins\/seo\/ -->\n<title>Set prekida\u010da svjetala - duxtreme4x4<\/title>\n<meta name=\"robots\" content=\"index, follow, max-snippet:-1, max-image-preview:large, max-video-preview:-1\" \/>\n<link rel=\"canonical\" href=\"https:\/\/duxtreme4x4.com\/?product=set-prekidaca-svjetala\" \/>\n<meta property=\"og:locale\" content=\"bs_BA\" \/>\n<meta property=\"og:type\" content=\"article\" \/>\n<meta property=\"og:title\" content=\"Set prekida\u010da svjetala - duxtreme4x4\" \/>\n<meta property=\"og:description\" content=\"Specifikacije:  Set se satoji od 6 komada prekida\u010da :   Led light bar (prekida\u010di za led barove)  Spot light (reflektor)  Side lights (bo\u010dna svjetla)  Roof lights (krovna svjetla)  Zombie lights (zombi svjetla)  Driving lights (svjetla za vo\u017enju)\" \/>\n<meta property=\"og:url\" content=\"https:\/\/duxtreme4x4.com\/?product=set-prekidaca-svjetala\" \/>\n<meta property=\"og:site_name\" content=\"duxtreme4x4\" \/>\n<meta property=\"article:modified_time\" content=\"2022-08-17T07:14:06+00:00\" \/>\n<meta property=\"og:image\" content=\"https:\/\/duxtreme4x4.com\/wp-content\/uploads\/2022\/07\/s1.jpg\" \/>\n\t<meta property=\"og:image:width\" content=\"1018\" \/>\n\t<meta property=\"og:image:height\" content=\"815\" \/>\n\t<meta property=\"og:image:type\" content=\"image\/jpeg\" \/>\n<meta name=\"twitter:card\" content=\"summary_large_image\" \/>\n<script type=\"application\/ld+json\" class=\"yoast-schema-graph\">{\"@context\":\"https:\/\/schema.org\",\"@graph\":[{\"@type\":\"WebPage\",\"@id\":\"https:\/\/duxtreme4x4.com\/?product=set-prekidaca-svjetala\",\"url\":\"https:\/\/duxtreme4x4.com\/?product=set-prekidaca-svjetala\",\"name\":\"Set prekida\u010da svjetala - duxtreme4x4\",\"isPartOf\":{\"@id\":\"https:\/\/duxtreme4x4.com\/#website\"},\"primaryImageOfPage\":{\"@id\":\"https:\/\/duxtreme4x4.com\/?product=set-prekidaca-svjetala#primaryimage\"},\"image\":{\"@id\":\"https:\/\/duxtreme4x4.com\/?product=set-prekidaca-svjetala#primaryimage\"},\"thumbnailUrl\":\"https:\/\/duxtreme4x4.com\/wp-content\/uploads\/2022\/07\/s1.jpg\",\"datePublished\":\"2022-07-25T06:23:17+00:00\",\"dateModified\":\"2022-08-17T07:14:06+00:00\",\"breadcrumb\":{\"@id\":\"https:\/\/duxtreme4x4.com\/?product=set-prekidaca-svjetala#breadcrumb\"},\"inLanguage\":\"bs-BA\",\"potentialAction\":[{\"@type\":\"ReadAction\",\"target\":[\"https:\/\/duxtreme4x4.com\/?product=set-prekidaca-svjetala\"]}]},{\"@type\":\"ImageObject\",\"inLanguage\":\"bs-BA\",\"@id\":\"https:\/\/duxtreme4x4.com\/?product=set-prekidaca-svjetala#primaryimage\",\"url\":\"https:\/\/duxtreme4x4.com\/wp-content\/uploads\/2022\/07\/s1.jpg\",\"contentUrl\":\"https:\/\/duxtreme4x4.com\/wp-content\/uploads\/2022\/07\/s1.jpg\",\"width\":1018,\"height\":815},{\"@type\":\"BreadcrumbList\",\"@id\":\"https:\/\/duxtreme4x4.com\/?product=set-prekidaca-svjetala#breadcrumb\",\"itemListElement\":[{\"@type\":\"ListItem\",\"position\":1,\"name\":\"Home\",\"item\":\"https:\/\/duxtreme4x4.com\/\"},{\"@type\":\"ListItem\",\"position\":2,\"name\":\"Shop\",\"item\":\"https:\/\/duxtreme4x4.com\/?page_id=1705\"},{\"@type\":\"ListItem\",\"position\":3,\"name\":\"Set prekida\u010da svjetala\"}]},{\"@type\":\"WebSite\",\"@id\":\"https:\/\/duxtreme4x4.com\/#website\",\"url\":\"https:\/\/duxtreme4x4.com\/\",\"name\":\"duxtreme4x4\",\"description\":\"Off Road &amp; kamping oprema\",\"publisher\":{\"@id\":\"https:\/\/duxtreme4x4.com\/#organization\"},\"potentialAction\":[{\"@type\":\"SearchAction\",\"target\":{\"@type\":\"EntryPoint\",\"urlTemplate\":\"https:\/\/duxtreme4x4.com\/?s={search_term_string}\"},\"query-input\":{\"@type\":\"PropertyValueSpecification\",\"valueRequired\":true,\"valueName\":\"search_term_string\"}}],\"inLanguage\":\"bs-BA\"},{\"@type\":\"Organization\",\"@id\":\"https:\/\/duxtreme4x4.com\/#organization\",\"name\":\"duxtreme4x4\",\"url\":\"https:\/\/duxtreme4x4.com\/\",\"logo\":{\"@type\":\"ImageObject\",\"inLanguage\":\"bs-BA\",\"@id\":\"https:\/\/duxtreme4x4.com\/#\/schema\/logo\/image\/\",\"url\":\"https:\/\/duxtreme4x4.com\/wp-content\/uploads\/2022\/07\/LOGO-DUX-PNG.png\",\"contentUrl\":\"https:\/\/duxtreme4x4.com\/wp-content\/uploads\/2022\/07\/LOGO-DUX-PNG.png\",\"width\":222,\"height\":61,\"caption\":\"duxtreme4x4\"},\"image\":{\"@id\":\"https:\/\/duxtreme4x4.com\/#\/schema\/logo\/image\/\"}}]}<\/script>\n<!-- \/ Yoast SEO plugin. -->","yoast_head_json":{"title":"Set prekida\u010da svjetala - duxtreme4x4","robots":{"index":"index","follow":"follow","max-snippet":"max-snippet:-1","max-image-preview":"max-image-preview:large","max-video-preview":"max-video-preview:-1"},"canonical":"https:\/\/duxtreme4x4.com\/?product=set-prekidaca-svjetala","og_locale":"bs_BA","og_type":"article","og_title":"Set prekida\u010da svjetala - duxtreme4x4","og_description":"Specifikacije:  Set se satoji od 6 komada prekida\u010da :   Led light bar (prekida\u010di za led barove)  Spot light (reflektor)  Side lights (bo\u010dna svjetla)  Roof lights (krovna svjetla)  Zombie lights (zombi svjetla)  Driving lights (svjetla za vo\u017enju)","og_url":"https:\/\/duxtreme4x4.com\/?product=set-prekidaca-svjetala","og_site_name":"duxtreme4x4","article_modified_time":"2022-08-17T07:14:06+00:00","og_image":[{"width":1018,"height":815,"url":"https:\/\/duxtreme4x4.com\/wp-content\/uploads\/2022\/07\/s1.jpg","type":"image\/jpeg"}],"twitter_card":"summary_large_image","schema":{"@context":"https:\/\/schema.org","@graph":[{"@type":"WebPage","@id":"https:\/\/duxtreme4x4.com\/?product=set-prekidaca-svjetala","url":"https:\/\/duxtreme4x4.com\/?product=set-prekidaca-svjetala","name":"Set prekida\u010da svjetala - duxtreme4x4","isPartOf":{"@id":"https:\/\/duxtreme4x4.com\/#website"},"primaryImageOfPage":{"@id":"https:\/\/duxtreme4x4.com\/?product=set-prekidaca-svjetala#primaryimage"},"image":{"@id":"https:\/\/duxtreme4x4.com\/?product=set-prekidaca-svjetala#primaryimage"},"thumbnailUrl":"https:\/\/duxtreme4x4.com\/wp-content\/uploads\/2022\/07\/s1.jpg","datePublished":"2022-07-25T06:23:17+00:00","dateModified":"2022-08-17T07:14:06+00:00","breadcrumb":{"@id":"https:\/\/duxtreme4x4.com\/?product=set-prekidaca-svjetala#breadcrumb"},"inLanguage":"bs-BA","potentialAction":[{"@type":"ReadAction","target":["https:\/\/duxtreme4x4.com\/?product=set-prekidaca-svjetala"]}]},{"@type":"ImageObject","inLanguage":"bs-BA","@id":"https:\/\/duxtreme4x4.com\/?product=set-prekidaca-svjetala#primaryimage","url":"https:\/\/duxtreme4x4.com\/wp-content\/uploads\/2022\/07\/s1.jpg","contentUrl":"https:\/\/duxtreme4x4.com\/wp-content\/uploads\/2022\/07\/s1.jpg","width":1018,"height":815},{"@type":"BreadcrumbList","@id":"https:\/\/duxtreme4x4.com\/?product=set-prekidaca-svjetala#breadcrumb","itemListElement":[{"@type":"ListItem","position":1,"name":"Home","item":"https:\/\/duxtreme4x4.com\/"},{"@type":"ListItem","position":2,"name":"Shop","item":"https:\/\/duxtreme4x4.com\/?page_id=1705"},{"@type":"ListItem","position":3,"name":"Set prekida\u010da svjetala"}]},{"@type":"WebSite","@id":"https:\/\/duxtreme4x4.com\/#website","url":"https:\/\/duxtreme4x4.com\/","name":"duxtreme4x4","description":"Off Road &amp; kamping oprema","publisher":{"@id":"https:\/\/duxtreme4x4.com\/#organization"},"potentialAction":[{"@type":"SearchAction","target":{"@type":"EntryPoint","urlTemplate":"https:\/\/duxtreme4x4.com\/?s={search_term_string}"},"query-input":{"@type":"PropertyValueSpecification","valueRequired":true,"valueName":"search_term_string"}}],"inLanguage":"bs-BA"},{"@type":"Organization","@id":"https:\/\/duxtreme4x4.com\/#organization","name":"duxtreme4x4","url":"https:\/\/duxtreme4x4.com\/","logo":{"@type":"ImageObject","inLanguage":"bs-BA","@id":"https:\/\/duxtreme4x4.com\/#\/schema\/logo\/image\/","url":"https:\/\/duxtreme4x4.com\/wp-content\/uploads\/2022\/07\/LOGO-DUX-PNG.png","contentUrl":"https:\/\/duxtreme4x4.com\/wp-content\/uploads\/2022\/07\/LOGO-DUX-PNG.png","width":222,"height":61,"caption":"duxtreme4x4"},"image":{"@id":"https:\/\/duxtreme4x4.com\/#\/schema\/logo\/image\/"}}]}},"_links":{"self":[{"href":"https:\/\/duxtreme4x4.com\/index.php?rest_route=\/wp\/v2\/product\/4443","targetHints":{"allow":["GET"]}}],"collection":[{"href":"https:\/\/duxtreme4x4.com\/index.php?rest_route=\/wp\/v2\/product"}],"about":[{"href":"https:\/\/duxtreme4x4.com\/index.php?rest_route=\/wp\/v2\/types\/product"}],"wp:featuredmedia":[{"embeddable":true,"href":"https:\/\/duxtreme4x4.com\/index.php?rest_route=\/wp\/v2\/media\/4803"}],"wp:attachment":[{"href":"https:\/\/duxtreme4x4.com\/index.php?rest_route=%2Fwp%2Fv2%2Fmedia&parent=4443"}],"wp:term":[{"taxonomy":"product_brand","embeddable":true,"href":"https:\/\/duxtreme4x4.com\/index.php?rest_route=%2Fwp%2Fv2%2Fproduct_brand&post=4443"},{"taxonomy":"product_cat","embeddable":true,"href":"https:\/\/duxtreme4x4.com\/index.php?rest_route=%2Fwp%2Fv2%2Fproduct_cat&post=4443"},{"taxonomy":"product_tag","embeddable":true,"href":"https:\/\/duxtreme4x4.com\/index.php?rest_route=%2Fwp%2Fv2%2Fproduct_tag&post=4443"}],"curies":[{"name":"wp","href":"https:\/\/api.w.org\/{rel}","templated":true}]}}