{"id":4941,"date":"2024-07-08T09:09:45","date_gmt":"2024-07-08T09:09:45","guid":{"rendered":"https:\/\/duxtreme4x4.com\/?post_type=product&#038;p=4941"},"modified":"2024-07-08T09:09:45","modified_gmt":"2024-07-08T09:09:45","slug":"hf-blokada-diferencijala-rd-128-land-rover-discovery-defender","status":"publish","type":"product","link":"https:\/\/duxtreme4x4.com\/?product=hf-blokada-diferencijala-rd-128-land-rover-discovery-defender","title":{"rendered":"HF blokada diferencijala RD 128 Land Rover Discovery \/ Defender"},"content":{"rendered":"","protected":false},"excerpt":{"rendered":"<p><strong>Specifikacije:<\/strong><\/p>\n<p>HF &#8211; zra\u010dna blokada prednjeg i zadnjeg diferencijala<\/p>\n<p>Model RD128 odgovara na sljede\u0107a vozila :<\/p>\n<p>&#8211; Range Rover Classic 1993-96 prednja i zadnja blokada Rover tip<br \/>\nbroj zubaca 24 &#8211; pre\u010dnik osovine 31.5 (1.24&#8221;) &#8211; omjer 3.54<\/p>\n<p>&#8211; Land Rover Discovery 1993-98 prednja i zadnja blokada Rover tip broj zubaca 24 &#8211; pre\u010dnik osovine 31.5 (1.24&#8221;) &#8211; omjer 3.54<\/p>\n<p>&#8211; Land Rover Discovery 2 1998-2004 prednja i zadnja blokada Rover tip<br \/>\nbroj zubaca 24 &#8211; pre\u010dnik osovine 31.5 (1.24&#8221;) &#8211; omjer 3.54<\/p>\n<p>&#8211; Land Rover Defender 90\u00a0 od 1993. prednja i zadnja blokada Rover tip<br \/>\nbroj zubaca 24 &#8211; pre\u010dnik osovine 31.5 (1.24&#8221;) &#8211; omjer 3.54<\/p>\n<p>Land Rover Defender 110 \/ 130 od 2002. zadnja blokada Rover tip (ne Salisbury ili P38 model) broj zubaca 24 &#8211; pre\u010dnik osovine 31.5 (1.24&#8221;) &#8211; omjer 3.54<\/p>\n<p>&#8211; Land Rover Defender 110 \/ 130 od 1993. prednja blokada Rover tip broj zubaca 24 &#8211; pre\u010dnik osovine 31.5 (1.24&#8221;) &#8211; omjer 3.54<\/p>\n","protected":false},"featured_media":4939,"template":"","meta":[],"product_brand":[],"product_cat":[189,193],"product_tag":[],"class_list":{"0":"post-4941","1":"product","2":"type-product","3":"status-publish","4":"has-post-thumbnail","6":"product_cat-blokade-diferencijala-kompresori-i-dodatna-oprema","7":"product_cat-land-rover-blokade-diferencijala-kompresori-i-dodatna-oprema","8":"badges-style-3","10":"first","11":"instock","12":"shipping-taxable","13":"purchasable","14":"product-type-simple"},"yoast_head":"<!-- This site is optimized with the Yoast SEO plugin v26.4 - https:\/\/yoast.com\/wordpress\/plugins\/seo\/ -->\n<title>HF blokada diferencijala RD 128 Land Rover Discovery \/ Defender - duxtreme4x4<\/title>\n<meta name=\"robots\" content=\"index, follow, max-snippet:-1, max-image-preview:large, max-video-preview:-1\" \/>\n<link rel=\"canonical\" href=\"https:\/\/duxtreme4x4.com\/?product=hf-blokada-diferencijala-rd-128-land-rover-discovery-defender\" \/>\n<meta property=\"og:locale\" content=\"bs_BA\" \/>\n<meta property=\"og:type\" content=\"article\" \/>\n<meta property=\"og:title\" content=\"HF blokada diferencijala RD 128 Land Rover Discovery \/ Defender - duxtreme4x4\" \/>\n<meta property=\"og:description\" content=\"Specifikacije:  HF - zra\u010dna blokada prednjeg i zadnjeg diferencijala  Model RD128 odgovara na sljede\u0107a vozila :  - Range Rover Classic 1993-96 prednja i zadnja blokada Rover tip broj zubaca 24 - pre\u010dnik osovine 31.5 (1.24&quot;) - omjer 3.54  - Land Rover Discovery 1993-98 prednja i zadnja blokada Rover tip broj zubaca 24 - pre\u010dnik osovine 31.5 (1.24&quot;) - omjer 3.54  - Land Rover Discovery 2 1998-2004 prednja i zadnja blokada Rover tip broj zubaca 24 - pre\u010dnik osovine 31.5 (1.24&quot;) - omjer 3.54  - Land Rover Defender 90\u00a0 od 1993. prednja i zadnja blokada Rover tip broj zubaca 24 - pre\u010dnik osovine 31.5 (1.24&quot;) - omjer 3.54  Land Rover Defender 110 \/ 130 od 2002. zadnja blokada Rover tip (ne Salisbury ili P38 model) broj zubaca 24 - pre\u010dnik osovine 31.5 (1.24&quot;) - omjer 3.54  - Land Rover Defender 110 \/ 130 od 1993. prednja blokada Rover tip broj zubaca 24 - pre\u010dnik osovine 31.5 (1.24&quot;) - omjer 3.54\" \/>\n<meta property=\"og:url\" content=\"https:\/\/duxtreme4x4.com\/?product=hf-blokada-diferencijala-rd-128-land-rover-discovery-defender\" \/>\n<meta property=\"og:site_name\" content=\"duxtreme4x4\" \/>\n<meta property=\"og:image\" content=\"https:\/\/duxtreme4x4.com\/wp-content\/uploads\/2024\/07\/l1.jpg\" \/>\n\t<meta property=\"og:image:width\" content=\"1000\" \/>\n\t<meta property=\"og:image:height\" content=\"666\" \/>\n\t<meta property=\"og:image:type\" content=\"image\/jpeg\" \/>\n<meta name=\"twitter:card\" content=\"summary_large_image\" \/>\n<script type=\"application\/ld+json\" class=\"yoast-schema-graph\">{\"@context\":\"https:\/\/schema.org\",\"@graph\":[{\"@type\":\"WebPage\",\"@id\":\"https:\/\/duxtreme4x4.com\/?product=hf-blokada-diferencijala-rd-128-land-rover-discovery-defender\",\"url\":\"https:\/\/duxtreme4x4.com\/?product=hf-blokada-diferencijala-rd-128-land-rover-discovery-defender\",\"name\":\"HF blokada diferencijala RD 128 Land Rover Discovery \/ Defender - duxtreme4x4\",\"isPartOf\":{\"@id\":\"https:\/\/duxtreme4x4.com\/#website\"},\"primaryImageOfPage\":{\"@id\":\"https:\/\/duxtreme4x4.com\/?product=hf-blokada-diferencijala-rd-128-land-rover-discovery-defender#primaryimage\"},\"image\":{\"@id\":\"https:\/\/duxtreme4x4.com\/?product=hf-blokada-diferencijala-rd-128-land-rover-discovery-defender#primaryimage\"},\"thumbnailUrl\":\"https:\/\/duxtreme4x4.com\/wp-content\/uploads\/2024\/07\/l1.jpg\",\"datePublished\":\"2024-07-08T09:09:45+00:00\",\"breadcrumb\":{\"@id\":\"https:\/\/duxtreme4x4.com\/?product=hf-blokada-diferencijala-rd-128-land-rover-discovery-defender#breadcrumb\"},\"inLanguage\":\"bs-BA\",\"potentialAction\":[{\"@type\":\"ReadAction\",\"target\":[\"https:\/\/duxtreme4x4.com\/?product=hf-blokada-diferencijala-rd-128-land-rover-discovery-defender\"]}]},{\"@type\":\"ImageObject\",\"inLanguage\":\"bs-BA\",\"@id\":\"https:\/\/duxtreme4x4.com\/?product=hf-blokada-diferencijala-rd-128-land-rover-discovery-defender#primaryimage\",\"url\":\"https:\/\/duxtreme4x4.com\/wp-content\/uploads\/2024\/07\/l1.jpg\",\"contentUrl\":\"https:\/\/duxtreme4x4.com\/wp-content\/uploads\/2024\/07\/l1.jpg\",\"width\":1000,\"height\":666},{\"@type\":\"BreadcrumbList\",\"@id\":\"https:\/\/duxtreme4x4.com\/?product=hf-blokada-diferencijala-rd-128-land-rover-discovery-defender#breadcrumb\",\"itemListElement\":[{\"@type\":\"ListItem\",\"position\":1,\"name\":\"Home\",\"item\":\"https:\/\/duxtreme4x4.com\/\"},{\"@type\":\"ListItem\",\"position\":2,\"name\":\"Shop\",\"item\":\"https:\/\/duxtreme4x4.com\/?page_id=1705\"},{\"@type\":\"ListItem\",\"position\":3,\"name\":\"HF blokada diferencijala RD 128 Land Rover Discovery \/ Defender\"}]},{\"@type\":\"WebSite\",\"@id\":\"https:\/\/duxtreme4x4.com\/#website\",\"url\":\"https:\/\/duxtreme4x4.com\/\",\"name\":\"duxtreme4x4\",\"description\":\"Off Road &amp; kamping oprema\",\"publisher\":{\"@id\":\"https:\/\/duxtreme4x4.com\/#organization\"},\"potentialAction\":[{\"@type\":\"SearchAction\",\"target\":{\"@type\":\"EntryPoint\",\"urlTemplate\":\"https:\/\/duxtreme4x4.com\/?s={search_term_string}\"},\"query-input\":{\"@type\":\"PropertyValueSpecification\",\"valueRequired\":true,\"valueName\":\"search_term_string\"}}],\"inLanguage\":\"bs-BA\"},{\"@type\":\"Organization\",\"@id\":\"https:\/\/duxtreme4x4.com\/#organization\",\"name\":\"duxtreme4x4\",\"url\":\"https:\/\/duxtreme4x4.com\/\",\"logo\":{\"@type\":\"ImageObject\",\"inLanguage\":\"bs-BA\",\"@id\":\"https:\/\/duxtreme4x4.com\/#\/schema\/logo\/image\/\",\"url\":\"https:\/\/duxtreme4x4.com\/wp-content\/uploads\/2022\/07\/LOGO-DUX-PNG.png\",\"contentUrl\":\"https:\/\/duxtreme4x4.com\/wp-content\/uploads\/2022\/07\/LOGO-DUX-PNG.png\",\"width\":222,\"height\":61,\"caption\":\"duxtreme4x4\"},\"image\":{\"@id\":\"https:\/\/duxtreme4x4.com\/#\/schema\/logo\/image\/\"}}]}<\/script>\n<!-- \/ Yoast SEO plugin. -->","yoast_head_json":{"title":"HF blokada diferencijala RD 128 Land Rover Discovery \/ Defender - duxtreme4x4","robots":{"index":"index","follow":"follow","max-snippet":"max-snippet:-1","max-image-preview":"max-image-preview:large","max-video-preview":"max-video-preview:-1"},"canonical":"https:\/\/duxtreme4x4.com\/?product=hf-blokada-diferencijala-rd-128-land-rover-discovery-defender","og_locale":"bs_BA","og_type":"article","og_title":"HF blokada diferencijala RD 128 Land Rover Discovery \/ Defender - duxtreme4x4","og_description":"Specifikacije:  HF - zra\u010dna blokada prednjeg i zadnjeg diferencijala  Model RD128 odgovara na sljede\u0107a vozila :  - Range Rover Classic 1993-96 prednja i zadnja blokada Rover tip broj zubaca 24 - pre\u010dnik osovine 31.5 (1.24\") - omjer 3.54  - Land Rover Discovery 1993-98 prednja i zadnja blokada Rover tip broj zubaca 24 - pre\u010dnik osovine 31.5 (1.24\") - omjer 3.54  - Land Rover Discovery 2 1998-2004 prednja i zadnja blokada Rover tip broj zubaca 24 - pre\u010dnik osovine 31.5 (1.24\") - omjer 3.54  - Land Rover Defender 90\u00a0 od 1993. prednja i zadnja blokada Rover tip broj zubaca 24 - pre\u010dnik osovine 31.5 (1.24\") - omjer 3.54  Land Rover Defender 110 \/ 130 od 2002. zadnja blokada Rover tip (ne Salisbury ili P38 model) broj zubaca 24 - pre\u010dnik osovine 31.5 (1.24\") - omjer 3.54  - Land Rover Defender 110 \/ 130 od 1993. prednja blokada Rover tip broj zubaca 24 - pre\u010dnik osovine 31.5 (1.24\") - omjer 3.54","og_url":"https:\/\/duxtreme4x4.com\/?product=hf-blokada-diferencijala-rd-128-land-rover-discovery-defender","og_site_name":"duxtreme4x4","og_image":[{"width":1000,"height":666,"url":"https:\/\/duxtreme4x4.com\/wp-content\/uploads\/2024\/07\/l1.jpg","type":"image\/jpeg"}],"twitter_card":"summary_large_image","schema":{"@context":"https:\/\/schema.org","@graph":[{"@type":"WebPage","@id":"https:\/\/duxtreme4x4.com\/?product=hf-blokada-diferencijala-rd-128-land-rover-discovery-defender","url":"https:\/\/duxtreme4x4.com\/?product=hf-blokada-diferencijala-rd-128-land-rover-discovery-defender","name":"HF blokada diferencijala RD 128 Land Rover Discovery \/ Defender - duxtreme4x4","isPartOf":{"@id":"https:\/\/duxtreme4x4.com\/#website"},"primaryImageOfPage":{"@id":"https:\/\/duxtreme4x4.com\/?product=hf-blokada-diferencijala-rd-128-land-rover-discovery-defender#primaryimage"},"image":{"@id":"https:\/\/duxtreme4x4.com\/?product=hf-blokada-diferencijala-rd-128-land-rover-discovery-defender#primaryimage"},"thumbnailUrl":"https:\/\/duxtreme4x4.com\/wp-content\/uploads\/2024\/07\/l1.jpg","datePublished":"2024-07-08T09:09:45+00:00","breadcrumb":{"@id":"https:\/\/duxtreme4x4.com\/?product=hf-blokada-diferencijala-rd-128-land-rover-discovery-defender#breadcrumb"},"inLanguage":"bs-BA","potentialAction":[{"@type":"ReadAction","target":["https:\/\/duxtreme4x4.com\/?product=hf-blokada-diferencijala-rd-128-land-rover-discovery-defender"]}]},{"@type":"ImageObject","inLanguage":"bs-BA","@id":"https:\/\/duxtreme4x4.com\/?product=hf-blokada-diferencijala-rd-128-land-rover-discovery-defender#primaryimage","url":"https:\/\/duxtreme4x4.com\/wp-content\/uploads\/2024\/07\/l1.jpg","contentUrl":"https:\/\/duxtreme4x4.com\/wp-content\/uploads\/2024\/07\/l1.jpg","width":1000,"height":666},{"@type":"BreadcrumbList","@id":"https:\/\/duxtreme4x4.com\/?product=hf-blokada-diferencijala-rd-128-land-rover-discovery-defender#breadcrumb","itemListElement":[{"@type":"ListItem","position":1,"name":"Home","item":"https:\/\/duxtreme4x4.com\/"},{"@type":"ListItem","position":2,"name":"Shop","item":"https:\/\/duxtreme4x4.com\/?page_id=1705"},{"@type":"ListItem","position":3,"name":"HF blokada diferencijala RD 128 Land Rover Discovery \/ Defender"}]},{"@type":"WebSite","@id":"https:\/\/duxtreme4x4.com\/#website","url":"https:\/\/duxtreme4x4.com\/","name":"duxtreme4x4","description":"Off Road &amp; kamping oprema","publisher":{"@id":"https:\/\/duxtreme4x4.com\/#organization"},"potentialAction":[{"@type":"SearchAction","target":{"@type":"EntryPoint","urlTemplate":"https:\/\/duxtreme4x4.com\/?s={search_term_string}"},"query-input":{"@type":"PropertyValueSpecification","valueRequired":true,"valueName":"search_term_string"}}],"inLanguage":"bs-BA"},{"@type":"Organization","@id":"https:\/\/duxtreme4x4.com\/#organization","name":"duxtreme4x4","url":"https:\/\/duxtreme4x4.com\/","logo":{"@type":"ImageObject","inLanguage":"bs-BA","@id":"https:\/\/duxtreme4x4.com\/#\/schema\/logo\/image\/","url":"https:\/\/duxtreme4x4.com\/wp-content\/uploads\/2022\/07\/LOGO-DUX-PNG.png","contentUrl":"https:\/\/duxtreme4x4.com\/wp-content\/uploads\/2022\/07\/LOGO-DUX-PNG.png","width":222,"height":61,"caption":"duxtreme4x4"},"image":{"@id":"https:\/\/duxtreme4x4.com\/#\/schema\/logo\/image\/"}}]}},"_links":{"self":[{"href":"https:\/\/duxtreme4x4.com\/index.php?rest_route=\/wp\/v2\/product\/4941","targetHints":{"allow":["GET"]}}],"collection":[{"href":"https:\/\/duxtreme4x4.com\/index.php?rest_route=\/wp\/v2\/product"}],"about":[{"href":"https:\/\/duxtreme4x4.com\/index.php?rest_route=\/wp\/v2\/types\/product"}],"wp:featuredmedia":[{"embeddable":true,"href":"https:\/\/duxtreme4x4.com\/index.php?rest_route=\/wp\/v2\/media\/4939"}],"wp:attachment":[{"href":"https:\/\/duxtreme4x4.com\/index.php?rest_route=%2Fwp%2Fv2%2Fmedia&parent=4941"}],"wp:term":[{"taxonomy":"product_brand","embeddable":true,"href":"https:\/\/duxtreme4x4.com\/index.php?rest_route=%2Fwp%2Fv2%2Fproduct_brand&post=4941"},{"taxonomy":"product_cat","embeddable":true,"href":"https:\/\/duxtreme4x4.com\/index.php?rest_route=%2Fwp%2Fv2%2Fproduct_cat&post=4941"},{"taxonomy":"product_tag","embeddable":true,"href":"https:\/\/duxtreme4x4.com\/index.php?rest_route=%2Fwp%2Fv2%2Fproduct_tag&post=4941"}],"curies":[{"name":"wp","href":"https:\/\/api.w.org\/{rel}","templated":true}]}}