{"id":4968,"date":"2024-07-08T11:06:15","date_gmt":"2024-07-08T11:06:15","guid":{"rendered":"https:\/\/duxtreme4x4.com\/?post_type=product&#038;p=4968"},"modified":"2024-07-09T11:21:38","modified_gmt":"2024-07-09T11:21:38","slug":"hf-kompresor-ckmp-prenosni","status":"publish","type":"product","link":"https:\/\/duxtreme4x4.com\/?product=hf-kompresor-ckmp-prenosni","title":{"rendered":"HF kompresor CKMP prenosni"},"content":{"rendered":"","protected":false},"excerpt":{"rendered":"<p><strong>Specifikacije:<\/strong><\/p>\n<p>HF kompresor CKMP 12V za blokade diferencijala<br \/>\nRa\u0111en po uzoru na ARB kompresor<\/p>\n<p>Kompresor dolazi sa solenoidom, prekida\u010dem, kutijom, klemama, crijevom za gume<\/p>\n<p>&#8211; Potro\u0161nja struje: 13 A<br \/>\n&#8211; Brzina tlaka zraka pri 0 BAR: 75,1 LPM<br \/>\n&#8211; Stopa tlaka zraka pri 0 PSI: 2,65 CFM<br \/>\n&#8211; Izvu\u010dena struja: 22,9 A<br \/>\n&#8211; Brzina protoka zraka pri 2 BAR: 61,6 LPM<br \/>\n&#8211; Brzina protoka zraka pri 29 PSI: 2,18 CFM<br \/>\n&#8211; Crijevo za napuhavanje guma od 6 metara<\/p>\n","protected":false},"featured_media":4969,"template":"","meta":[],"product_brand":[],"product_cat":[214,213],"product_tag":[],"class_list":{"0":"post-4968","1":"product","2":"type-product","3":"status-publish","4":"has-post-thumbnail","6":"product_cat-kompresori-kompresori-i-dodatna-oprema","7":"product_cat-kompresori-i-dodatna-oprema","8":"badges-style-3","10":"first","11":"instock","12":"shipping-taxable","13":"purchasable","14":"product-type-simple"},"yoast_head":"<!-- This site is optimized with the Yoast SEO plugin v26.4 - https:\/\/yoast.com\/wordpress\/plugins\/seo\/ -->\n<title>HF kompresor CKMP prenosni - duxtreme4x4<\/title>\n<meta name=\"robots\" content=\"index, follow, max-snippet:-1, max-image-preview:large, max-video-preview:-1\" \/>\n<link rel=\"canonical\" href=\"https:\/\/duxtreme4x4.com\/?product=hf-kompresor-ckmp-prenosni\" \/>\n<meta property=\"og:locale\" content=\"bs_BA\" \/>\n<meta property=\"og:type\" content=\"article\" \/>\n<meta property=\"og:title\" content=\"HF kompresor CKMP prenosni - duxtreme4x4\" \/>\n<meta property=\"og:description\" content=\"Specifikacije:  HF kompresor CKMP 12V za blokade diferencijala Ra\u0111en po uzoru na ARB kompresor  Kompresor dolazi sa solenoidom, prekida\u010dem, kutijom, klemama, crijevom za gume  - Potro\u0161nja struje: 13 A - Brzina tlaka zraka pri 0 BAR: 75,1 LPM - Stopa tlaka zraka pri 0 PSI: 2,65 CFM - Izvu\u010dena struja: 22,9 A - Brzina protoka zraka pri 2 BAR: 61,6 LPM - Brzina protoka zraka pri 29 PSI: 2,18 CFM - Crijevo za napuhavanje guma od 6 metara\" \/>\n<meta property=\"og:url\" content=\"https:\/\/duxtreme4x4.com\/?product=hf-kompresor-ckmp-prenosni\" \/>\n<meta property=\"og:site_name\" content=\"duxtreme4x4\" \/>\n<meta property=\"article:modified_time\" content=\"2024-07-09T11:21:38+00:00\" \/>\n<meta property=\"og:image\" content=\"https:\/\/duxtreme4x4.com\/wp-content\/uploads\/2024\/07\/pre1.jpg\" \/>\n\t<meta property=\"og:image:width\" content=\"999\" \/>\n\t<meta property=\"og:image:height\" content=\"677\" \/>\n\t<meta property=\"og:image:type\" content=\"image\/jpeg\" \/>\n<meta name=\"twitter:card\" content=\"summary_large_image\" \/>\n<script type=\"application\/ld+json\" class=\"yoast-schema-graph\">{\"@context\":\"https:\/\/schema.org\",\"@graph\":[{\"@type\":\"WebPage\",\"@id\":\"https:\/\/duxtreme4x4.com\/?product=hf-kompresor-ckmp-prenosni\",\"url\":\"https:\/\/duxtreme4x4.com\/?product=hf-kompresor-ckmp-prenosni\",\"name\":\"HF kompresor CKMP prenosni - duxtreme4x4\",\"isPartOf\":{\"@id\":\"https:\/\/duxtreme4x4.com\/#website\"},\"primaryImageOfPage\":{\"@id\":\"https:\/\/duxtreme4x4.com\/?product=hf-kompresor-ckmp-prenosni#primaryimage\"},\"image\":{\"@id\":\"https:\/\/duxtreme4x4.com\/?product=hf-kompresor-ckmp-prenosni#primaryimage\"},\"thumbnailUrl\":\"https:\/\/duxtreme4x4.com\/wp-content\/uploads\/2024\/07\/pre1.jpg\",\"datePublished\":\"2024-07-08T11:06:15+00:00\",\"dateModified\":\"2024-07-09T11:21:38+00:00\",\"breadcrumb\":{\"@id\":\"https:\/\/duxtreme4x4.com\/?product=hf-kompresor-ckmp-prenosni#breadcrumb\"},\"inLanguage\":\"bs-BA\",\"potentialAction\":[{\"@type\":\"ReadAction\",\"target\":[\"https:\/\/duxtreme4x4.com\/?product=hf-kompresor-ckmp-prenosni\"]}]},{\"@type\":\"ImageObject\",\"inLanguage\":\"bs-BA\",\"@id\":\"https:\/\/duxtreme4x4.com\/?product=hf-kompresor-ckmp-prenosni#primaryimage\",\"url\":\"https:\/\/duxtreme4x4.com\/wp-content\/uploads\/2024\/07\/pre1.jpg\",\"contentUrl\":\"https:\/\/duxtreme4x4.com\/wp-content\/uploads\/2024\/07\/pre1.jpg\",\"width\":999,\"height\":677},{\"@type\":\"BreadcrumbList\",\"@id\":\"https:\/\/duxtreme4x4.com\/?product=hf-kompresor-ckmp-prenosni#breadcrumb\",\"itemListElement\":[{\"@type\":\"ListItem\",\"position\":1,\"name\":\"Home\",\"item\":\"https:\/\/duxtreme4x4.com\/\"},{\"@type\":\"ListItem\",\"position\":2,\"name\":\"Shop\",\"item\":\"https:\/\/duxtreme4x4.com\/?page_id=1705\"},{\"@type\":\"ListItem\",\"position\":3,\"name\":\"HF kompresor CKMP prenosni\"}]},{\"@type\":\"WebSite\",\"@id\":\"https:\/\/duxtreme4x4.com\/#website\",\"url\":\"https:\/\/duxtreme4x4.com\/\",\"name\":\"duxtreme4x4\",\"description\":\"Off Road &amp; kamping oprema\",\"publisher\":{\"@id\":\"https:\/\/duxtreme4x4.com\/#organization\"},\"potentialAction\":[{\"@type\":\"SearchAction\",\"target\":{\"@type\":\"EntryPoint\",\"urlTemplate\":\"https:\/\/duxtreme4x4.com\/?s={search_term_string}\"},\"query-input\":{\"@type\":\"PropertyValueSpecification\",\"valueRequired\":true,\"valueName\":\"search_term_string\"}}],\"inLanguage\":\"bs-BA\"},{\"@type\":\"Organization\",\"@id\":\"https:\/\/duxtreme4x4.com\/#organization\",\"name\":\"duxtreme4x4\",\"url\":\"https:\/\/duxtreme4x4.com\/\",\"logo\":{\"@type\":\"ImageObject\",\"inLanguage\":\"bs-BA\",\"@id\":\"https:\/\/duxtreme4x4.com\/#\/schema\/logo\/image\/\",\"url\":\"https:\/\/duxtreme4x4.com\/wp-content\/uploads\/2022\/07\/LOGO-DUX-PNG.png\",\"contentUrl\":\"https:\/\/duxtreme4x4.com\/wp-content\/uploads\/2022\/07\/LOGO-DUX-PNG.png\",\"width\":222,\"height\":61,\"caption\":\"duxtreme4x4\"},\"image\":{\"@id\":\"https:\/\/duxtreme4x4.com\/#\/schema\/logo\/image\/\"}}]}<\/script>\n<!-- \/ Yoast SEO plugin. -->","yoast_head_json":{"title":"HF kompresor CKMP prenosni - duxtreme4x4","robots":{"index":"index","follow":"follow","max-snippet":"max-snippet:-1","max-image-preview":"max-image-preview:large","max-video-preview":"max-video-preview:-1"},"canonical":"https:\/\/duxtreme4x4.com\/?product=hf-kompresor-ckmp-prenosni","og_locale":"bs_BA","og_type":"article","og_title":"HF kompresor CKMP prenosni - duxtreme4x4","og_description":"Specifikacije:  HF kompresor CKMP 12V za blokade diferencijala Ra\u0111en po uzoru na ARB kompresor  Kompresor dolazi sa solenoidom, prekida\u010dem, kutijom, klemama, crijevom za gume  - Potro\u0161nja struje: 13 A - Brzina tlaka zraka pri 0 BAR: 75,1 LPM - Stopa tlaka zraka pri 0 PSI: 2,65 CFM - Izvu\u010dena struja: 22,9 A - Brzina protoka zraka pri 2 BAR: 61,6 LPM - Brzina protoka zraka pri 29 PSI: 2,18 CFM - Crijevo za napuhavanje guma od 6 metara","og_url":"https:\/\/duxtreme4x4.com\/?product=hf-kompresor-ckmp-prenosni","og_site_name":"duxtreme4x4","article_modified_time":"2024-07-09T11:21:38+00:00","og_image":[{"width":999,"height":677,"url":"https:\/\/duxtreme4x4.com\/wp-content\/uploads\/2024\/07\/pre1.jpg","type":"image\/jpeg"}],"twitter_card":"summary_large_image","schema":{"@context":"https:\/\/schema.org","@graph":[{"@type":"WebPage","@id":"https:\/\/duxtreme4x4.com\/?product=hf-kompresor-ckmp-prenosni","url":"https:\/\/duxtreme4x4.com\/?product=hf-kompresor-ckmp-prenosni","name":"HF kompresor CKMP prenosni - duxtreme4x4","isPartOf":{"@id":"https:\/\/duxtreme4x4.com\/#website"},"primaryImageOfPage":{"@id":"https:\/\/duxtreme4x4.com\/?product=hf-kompresor-ckmp-prenosni#primaryimage"},"image":{"@id":"https:\/\/duxtreme4x4.com\/?product=hf-kompresor-ckmp-prenosni#primaryimage"},"thumbnailUrl":"https:\/\/duxtreme4x4.com\/wp-content\/uploads\/2024\/07\/pre1.jpg","datePublished":"2024-07-08T11:06:15+00:00","dateModified":"2024-07-09T11:21:38+00:00","breadcrumb":{"@id":"https:\/\/duxtreme4x4.com\/?product=hf-kompresor-ckmp-prenosni#breadcrumb"},"inLanguage":"bs-BA","potentialAction":[{"@type":"ReadAction","target":["https:\/\/duxtreme4x4.com\/?product=hf-kompresor-ckmp-prenosni"]}]},{"@type":"ImageObject","inLanguage":"bs-BA","@id":"https:\/\/duxtreme4x4.com\/?product=hf-kompresor-ckmp-prenosni#primaryimage","url":"https:\/\/duxtreme4x4.com\/wp-content\/uploads\/2024\/07\/pre1.jpg","contentUrl":"https:\/\/duxtreme4x4.com\/wp-content\/uploads\/2024\/07\/pre1.jpg","width":999,"height":677},{"@type":"BreadcrumbList","@id":"https:\/\/duxtreme4x4.com\/?product=hf-kompresor-ckmp-prenosni#breadcrumb","itemListElement":[{"@type":"ListItem","position":1,"name":"Home","item":"https:\/\/duxtreme4x4.com\/"},{"@type":"ListItem","position":2,"name":"Shop","item":"https:\/\/duxtreme4x4.com\/?page_id=1705"},{"@type":"ListItem","position":3,"name":"HF kompresor CKMP prenosni"}]},{"@type":"WebSite","@id":"https:\/\/duxtreme4x4.com\/#website","url":"https:\/\/duxtreme4x4.com\/","name":"duxtreme4x4","description":"Off Road &amp; kamping oprema","publisher":{"@id":"https:\/\/duxtreme4x4.com\/#organization"},"potentialAction":[{"@type":"SearchAction","target":{"@type":"EntryPoint","urlTemplate":"https:\/\/duxtreme4x4.com\/?s={search_term_string}"},"query-input":{"@type":"PropertyValueSpecification","valueRequired":true,"valueName":"search_term_string"}}],"inLanguage":"bs-BA"},{"@type":"Organization","@id":"https:\/\/duxtreme4x4.com\/#organization","name":"duxtreme4x4","url":"https:\/\/duxtreme4x4.com\/","logo":{"@type":"ImageObject","inLanguage":"bs-BA","@id":"https:\/\/duxtreme4x4.com\/#\/schema\/logo\/image\/","url":"https:\/\/duxtreme4x4.com\/wp-content\/uploads\/2022\/07\/LOGO-DUX-PNG.png","contentUrl":"https:\/\/duxtreme4x4.com\/wp-content\/uploads\/2022\/07\/LOGO-DUX-PNG.png","width":222,"height":61,"caption":"duxtreme4x4"},"image":{"@id":"https:\/\/duxtreme4x4.com\/#\/schema\/logo\/image\/"}}]}},"_links":{"self":[{"href":"https:\/\/duxtreme4x4.com\/index.php?rest_route=\/wp\/v2\/product\/4968","targetHints":{"allow":["GET"]}}],"collection":[{"href":"https:\/\/duxtreme4x4.com\/index.php?rest_route=\/wp\/v2\/product"}],"about":[{"href":"https:\/\/duxtreme4x4.com\/index.php?rest_route=\/wp\/v2\/types\/product"}],"wp:featuredmedia":[{"embeddable":true,"href":"https:\/\/duxtreme4x4.com\/index.php?rest_route=\/wp\/v2\/media\/4969"}],"wp:attachment":[{"href":"https:\/\/duxtreme4x4.com\/index.php?rest_route=%2Fwp%2Fv2%2Fmedia&parent=4968"}],"wp:term":[{"taxonomy":"product_brand","embeddable":true,"href":"https:\/\/duxtreme4x4.com\/index.php?rest_route=%2Fwp%2Fv2%2Fproduct_brand&post=4968"},{"taxonomy":"product_cat","embeddable":true,"href":"https:\/\/duxtreme4x4.com\/index.php?rest_route=%2Fwp%2Fv2%2Fproduct_cat&post=4968"},{"taxonomy":"product_tag","embeddable":true,"href":"https:\/\/duxtreme4x4.com\/index.php?rest_route=%2Fwp%2Fv2%2Fproduct_tag&post=4968"}],"curies":[{"name":"wp","href":"https:\/\/api.w.org\/{rel}","templated":true}]}}