{"id":4977,"date":"2024-07-08T11:10:40","date_gmt":"2024-07-08T11:10:40","guid":{"rendered":"https:\/\/duxtreme4x4.com\/?post_type=product&#038;p=4977"},"modified":"2024-07-09T11:23:34","modified_gmt":"2024-07-09T11:23:34","slug":"hf-manifold-razdjelnik-kompresora-zraka","status":"publish","type":"product","link":"https:\/\/duxtreme4x4.com\/?product=hf-manifold-razdjelnik-kompresora-zraka","title":{"rendered":"HF manifold \u2013 razdjelnik kompresora zraka"},"content":{"rendered":"","protected":false},"excerpt":{"rendered":"<p><strong>Specifikacije:<\/strong><\/p>\n<p>HF &#8211; manifold &#8211; cjevovod\u00a0 (razdjelnik)<\/p>\n<p>&#8211;\u00a0 Dizajniran za daljinsku monta\u017eu solenoida zra\u010dne blokade diferencijala<\/p>\n<p>&#8211;\u00a0 PTFE crijevo i priklju\u010dci od nehr\u0111aju\u0107eg \u010delika povezuju se s izlaznim zrakom kompresora i hlade ga.<\/p>\n<p>Prikladno za kori\u0161tenje sa HF dvomotornim zra\u010dnim kompresorom, omogu\u0107uje jednostavnu ugradnju solenoida na izvor zraka kao \u0161to je kompresor ili regulisana plinska boca.\u00a0S radnim pritiskom od 150PSI (1030kPa), komplet razdjelnika uklju\u010duje vi\u0161estruke priklju\u010dke za kori\u0161tenje sa kompletom za pumpan<\/p>\n","protected":false},"featured_media":4978,"template":"","meta":[],"product_brand":[],"product_cat":[215,213],"product_tag":[],"class_list":{"0":"post-4977","1":"product","2":"type-product","3":"status-publish","4":"has-post-thumbnail","6":"product_cat-dodatna-oprema-kompresori-i-dodatna-oprema","7":"product_cat-kompresori-i-dodatna-oprema","8":"badges-style-3","10":"first","11":"instock","12":"shipping-taxable","13":"purchasable","14":"product-type-simple"},"yoast_head":"<!-- This site is optimized with the Yoast SEO plugin v26.4 - https:\/\/yoast.com\/wordpress\/plugins\/seo\/ -->\n<title>HF manifold \u2013 razdjelnik kompresora zraka - duxtreme4x4<\/title>\n<meta name=\"robots\" content=\"index, follow, max-snippet:-1, max-image-preview:large, max-video-preview:-1\" \/>\n<link rel=\"canonical\" href=\"https:\/\/duxtreme4x4.com\/?product=hf-manifold-razdjelnik-kompresora-zraka\" \/>\n<meta property=\"og:locale\" content=\"bs_BA\" \/>\n<meta property=\"og:type\" content=\"article\" \/>\n<meta property=\"og:title\" content=\"HF manifold \u2013 razdjelnik kompresora zraka - duxtreme4x4\" \/>\n<meta property=\"og:description\" content=\"Specifikacije:  HF - manifold - cjevovod\u00a0 (razdjelnik)  -\u00a0 Dizajniran za daljinsku monta\u017eu solenoida zra\u010dne blokade diferencijala  -\u00a0 PTFE crijevo i priklju\u010dci od nehr\u0111aju\u0107eg \u010delika povezuju se s izlaznim zrakom kompresora i hlade ga.  Prikladno za kori\u0161tenje sa HF dvomotornim zra\u010dnim kompresorom, omogu\u0107uje jednostavnu ugradnju solenoida na izvor zraka kao \u0161to je kompresor ili regulisana plinska boca.\u00a0S radnim pritiskom od 150PSI (1030kPa), komplet razdjelnika uklju\u010duje vi\u0161estruke priklju\u010dke za kori\u0161tenje sa kompletom za pumpan\" \/>\n<meta property=\"og:url\" content=\"https:\/\/duxtreme4x4.com\/?product=hf-manifold-razdjelnik-kompresora-zraka\" \/>\n<meta property=\"og:site_name\" content=\"duxtreme4x4\" \/>\n<meta property=\"article:modified_time\" content=\"2024-07-09T11:23:34+00:00\" \/>\n<meta property=\"og:image\" content=\"https:\/\/duxtreme4x4.com\/wp-content\/uploads\/2024\/07\/ma1.jpg\" \/>\n\t<meta property=\"og:image:width\" content=\"1000\" \/>\n\t<meta property=\"og:image:height\" content=\"671\" \/>\n\t<meta property=\"og:image:type\" content=\"image\/jpeg\" \/>\n<meta name=\"twitter:card\" content=\"summary_large_image\" \/>\n<script type=\"application\/ld+json\" class=\"yoast-schema-graph\">{\"@context\":\"https:\/\/schema.org\",\"@graph\":[{\"@type\":\"WebPage\",\"@id\":\"https:\/\/duxtreme4x4.com\/?product=hf-manifold-razdjelnik-kompresora-zraka\",\"url\":\"https:\/\/duxtreme4x4.com\/?product=hf-manifold-razdjelnik-kompresora-zraka\",\"name\":\"HF manifold \u2013 razdjelnik kompresora zraka - duxtreme4x4\",\"isPartOf\":{\"@id\":\"https:\/\/duxtreme4x4.com\/#website\"},\"primaryImageOfPage\":{\"@id\":\"https:\/\/duxtreme4x4.com\/?product=hf-manifold-razdjelnik-kompresora-zraka#primaryimage\"},\"image\":{\"@id\":\"https:\/\/duxtreme4x4.com\/?product=hf-manifold-razdjelnik-kompresora-zraka#primaryimage\"},\"thumbnailUrl\":\"https:\/\/duxtreme4x4.com\/wp-content\/uploads\/2024\/07\/ma1.jpg\",\"datePublished\":\"2024-07-08T11:10:40+00:00\",\"dateModified\":\"2024-07-09T11:23:34+00:00\",\"breadcrumb\":{\"@id\":\"https:\/\/duxtreme4x4.com\/?product=hf-manifold-razdjelnik-kompresora-zraka#breadcrumb\"},\"inLanguage\":\"bs-BA\",\"potentialAction\":[{\"@type\":\"ReadAction\",\"target\":[\"https:\/\/duxtreme4x4.com\/?product=hf-manifold-razdjelnik-kompresora-zraka\"]}]},{\"@type\":\"ImageObject\",\"inLanguage\":\"bs-BA\",\"@id\":\"https:\/\/duxtreme4x4.com\/?product=hf-manifold-razdjelnik-kompresora-zraka#primaryimage\",\"url\":\"https:\/\/duxtreme4x4.com\/wp-content\/uploads\/2024\/07\/ma1.jpg\",\"contentUrl\":\"https:\/\/duxtreme4x4.com\/wp-content\/uploads\/2024\/07\/ma1.jpg\",\"width\":1000,\"height\":671},{\"@type\":\"BreadcrumbList\",\"@id\":\"https:\/\/duxtreme4x4.com\/?product=hf-manifold-razdjelnik-kompresora-zraka#breadcrumb\",\"itemListElement\":[{\"@type\":\"ListItem\",\"position\":1,\"name\":\"Home\",\"item\":\"https:\/\/duxtreme4x4.com\/\"},{\"@type\":\"ListItem\",\"position\":2,\"name\":\"Shop\",\"item\":\"https:\/\/duxtreme4x4.com\/?page_id=1705\"},{\"@type\":\"ListItem\",\"position\":3,\"name\":\"HF manifold \u2013 razdjelnik kompresora zraka\"}]},{\"@type\":\"WebSite\",\"@id\":\"https:\/\/duxtreme4x4.com\/#website\",\"url\":\"https:\/\/duxtreme4x4.com\/\",\"name\":\"duxtreme4x4\",\"description\":\"Off Road &amp; kamping oprema\",\"publisher\":{\"@id\":\"https:\/\/duxtreme4x4.com\/#organization\"},\"potentialAction\":[{\"@type\":\"SearchAction\",\"target\":{\"@type\":\"EntryPoint\",\"urlTemplate\":\"https:\/\/duxtreme4x4.com\/?s={search_term_string}\"},\"query-input\":{\"@type\":\"PropertyValueSpecification\",\"valueRequired\":true,\"valueName\":\"search_term_string\"}}],\"inLanguage\":\"bs-BA\"},{\"@type\":\"Organization\",\"@id\":\"https:\/\/duxtreme4x4.com\/#organization\",\"name\":\"duxtreme4x4\",\"url\":\"https:\/\/duxtreme4x4.com\/\",\"logo\":{\"@type\":\"ImageObject\",\"inLanguage\":\"bs-BA\",\"@id\":\"https:\/\/duxtreme4x4.com\/#\/schema\/logo\/image\/\",\"url\":\"https:\/\/duxtreme4x4.com\/wp-content\/uploads\/2022\/07\/LOGO-DUX-PNG.png\",\"contentUrl\":\"https:\/\/duxtreme4x4.com\/wp-content\/uploads\/2022\/07\/LOGO-DUX-PNG.png\",\"width\":222,\"height\":61,\"caption\":\"duxtreme4x4\"},\"image\":{\"@id\":\"https:\/\/duxtreme4x4.com\/#\/schema\/logo\/image\/\"}}]}<\/script>\n<!-- \/ Yoast SEO plugin. -->","yoast_head_json":{"title":"HF manifold \u2013 razdjelnik kompresora zraka - duxtreme4x4","robots":{"index":"index","follow":"follow","max-snippet":"max-snippet:-1","max-image-preview":"max-image-preview:large","max-video-preview":"max-video-preview:-1"},"canonical":"https:\/\/duxtreme4x4.com\/?product=hf-manifold-razdjelnik-kompresora-zraka","og_locale":"bs_BA","og_type":"article","og_title":"HF manifold \u2013 razdjelnik kompresora zraka - duxtreme4x4","og_description":"Specifikacije:  HF - manifold - cjevovod\u00a0 (razdjelnik)  -\u00a0 Dizajniran za daljinsku monta\u017eu solenoida zra\u010dne blokade diferencijala  -\u00a0 PTFE crijevo i priklju\u010dci od nehr\u0111aju\u0107eg \u010delika povezuju se s izlaznim zrakom kompresora i hlade ga.  Prikladno za kori\u0161tenje sa HF dvomotornim zra\u010dnim kompresorom, omogu\u0107uje jednostavnu ugradnju solenoida na izvor zraka kao \u0161to je kompresor ili regulisana plinska boca.\u00a0S radnim pritiskom od 150PSI (1030kPa), komplet razdjelnika uklju\u010duje vi\u0161estruke priklju\u010dke za kori\u0161tenje sa kompletom za pumpan","og_url":"https:\/\/duxtreme4x4.com\/?product=hf-manifold-razdjelnik-kompresora-zraka","og_site_name":"duxtreme4x4","article_modified_time":"2024-07-09T11:23:34+00:00","og_image":[{"width":1000,"height":671,"url":"https:\/\/duxtreme4x4.com\/wp-content\/uploads\/2024\/07\/ma1.jpg","type":"image\/jpeg"}],"twitter_card":"summary_large_image","schema":{"@context":"https:\/\/schema.org","@graph":[{"@type":"WebPage","@id":"https:\/\/duxtreme4x4.com\/?product=hf-manifold-razdjelnik-kompresora-zraka","url":"https:\/\/duxtreme4x4.com\/?product=hf-manifold-razdjelnik-kompresora-zraka","name":"HF manifold \u2013 razdjelnik kompresora zraka - duxtreme4x4","isPartOf":{"@id":"https:\/\/duxtreme4x4.com\/#website"},"primaryImageOfPage":{"@id":"https:\/\/duxtreme4x4.com\/?product=hf-manifold-razdjelnik-kompresora-zraka#primaryimage"},"image":{"@id":"https:\/\/duxtreme4x4.com\/?product=hf-manifold-razdjelnik-kompresora-zraka#primaryimage"},"thumbnailUrl":"https:\/\/duxtreme4x4.com\/wp-content\/uploads\/2024\/07\/ma1.jpg","datePublished":"2024-07-08T11:10:40+00:00","dateModified":"2024-07-09T11:23:34+00:00","breadcrumb":{"@id":"https:\/\/duxtreme4x4.com\/?product=hf-manifold-razdjelnik-kompresora-zraka#breadcrumb"},"inLanguage":"bs-BA","potentialAction":[{"@type":"ReadAction","target":["https:\/\/duxtreme4x4.com\/?product=hf-manifold-razdjelnik-kompresora-zraka"]}]},{"@type":"ImageObject","inLanguage":"bs-BA","@id":"https:\/\/duxtreme4x4.com\/?product=hf-manifold-razdjelnik-kompresora-zraka#primaryimage","url":"https:\/\/duxtreme4x4.com\/wp-content\/uploads\/2024\/07\/ma1.jpg","contentUrl":"https:\/\/duxtreme4x4.com\/wp-content\/uploads\/2024\/07\/ma1.jpg","width":1000,"height":671},{"@type":"BreadcrumbList","@id":"https:\/\/duxtreme4x4.com\/?product=hf-manifold-razdjelnik-kompresora-zraka#breadcrumb","itemListElement":[{"@type":"ListItem","position":1,"name":"Home","item":"https:\/\/duxtreme4x4.com\/"},{"@type":"ListItem","position":2,"name":"Shop","item":"https:\/\/duxtreme4x4.com\/?page_id=1705"},{"@type":"ListItem","position":3,"name":"HF manifold \u2013 razdjelnik kompresora zraka"}]},{"@type":"WebSite","@id":"https:\/\/duxtreme4x4.com\/#website","url":"https:\/\/duxtreme4x4.com\/","name":"duxtreme4x4","description":"Off Road &amp; kamping oprema","publisher":{"@id":"https:\/\/duxtreme4x4.com\/#organization"},"potentialAction":[{"@type":"SearchAction","target":{"@type":"EntryPoint","urlTemplate":"https:\/\/duxtreme4x4.com\/?s={search_term_string}"},"query-input":{"@type":"PropertyValueSpecification","valueRequired":true,"valueName":"search_term_string"}}],"inLanguage":"bs-BA"},{"@type":"Organization","@id":"https:\/\/duxtreme4x4.com\/#organization","name":"duxtreme4x4","url":"https:\/\/duxtreme4x4.com\/","logo":{"@type":"ImageObject","inLanguage":"bs-BA","@id":"https:\/\/duxtreme4x4.com\/#\/schema\/logo\/image\/","url":"https:\/\/duxtreme4x4.com\/wp-content\/uploads\/2022\/07\/LOGO-DUX-PNG.png","contentUrl":"https:\/\/duxtreme4x4.com\/wp-content\/uploads\/2022\/07\/LOGO-DUX-PNG.png","width":222,"height":61,"caption":"duxtreme4x4"},"image":{"@id":"https:\/\/duxtreme4x4.com\/#\/schema\/logo\/image\/"}}]}},"_links":{"self":[{"href":"https:\/\/duxtreme4x4.com\/index.php?rest_route=\/wp\/v2\/product\/4977","targetHints":{"allow":["GET"]}}],"collection":[{"href":"https:\/\/duxtreme4x4.com\/index.php?rest_route=\/wp\/v2\/product"}],"about":[{"href":"https:\/\/duxtreme4x4.com\/index.php?rest_route=\/wp\/v2\/types\/product"}],"wp:featuredmedia":[{"embeddable":true,"href":"https:\/\/duxtreme4x4.com\/index.php?rest_route=\/wp\/v2\/media\/4978"}],"wp:attachment":[{"href":"https:\/\/duxtreme4x4.com\/index.php?rest_route=%2Fwp%2Fv2%2Fmedia&parent=4977"}],"wp:term":[{"taxonomy":"product_brand","embeddable":true,"href":"https:\/\/duxtreme4x4.com\/index.php?rest_route=%2Fwp%2Fv2%2Fproduct_brand&post=4977"},{"taxonomy":"product_cat","embeddable":true,"href":"https:\/\/duxtreme4x4.com\/index.php?rest_route=%2Fwp%2Fv2%2Fproduct_cat&post=4977"},{"taxonomy":"product_tag","embeddable":true,"href":"https:\/\/duxtreme4x4.com\/index.php?rest_route=%2Fwp%2Fv2%2Fproduct_tag&post=4977"}],"curies":[{"name":"wp","href":"https:\/\/api.w.org\/{rel}","templated":true}]}}