{"id":5013,"date":"2024-07-09T06:30:47","date_gmt":"2024-07-09T06:30:47","guid":{"rendered":"https:\/\/duxtreme4x4.com\/?post_type=product&#038;p=5013"},"modified":"2024-07-09T06:30:47","modified_gmt":"2024-07-09T06:30:47","slug":"ukljucivaci-vuca-456hp-toyota-hilux-167-169-172","status":"publish","type":"product","link":"https:\/\/duxtreme4x4.com\/?product=ukljucivaci-vuca-456hp-toyota-hilux-167-169-172","title":{"rendered":"Uklju\u010diva\u010di vu\u010da 456HP Toyota Hilux 167 169 172"},"content":{"rendered":"","protected":false},"excerpt":{"rendered":"<p><strong>Specifikacije:<\/strong><\/p>\n<p>Manuelni uklju\u010diva\u010di vu\u010da SHX 456HP \u2013 crveni model High Performance<\/p>\n<p>&nbsp;<\/p>\n<p>Uklju\u010diva\u010di odgovaraju na :<\/p>\n<p>&nbsp;<\/p>\n<ul>\n<li>Toyota Hilux 167 1997+<\/li>\n<li>Toyota Hilux 169 1997+<\/li>\n<li>Toyota Hilux 172 1997+<\/li>\n<\/ul>\n<p>Cijena se odnosi na par<\/p>\n<p>Broj zubaca : 26<\/p>\n","protected":false},"featured_media":5002,"template":"","meta":[],"product_brand":[],"product_cat":[201,198],"product_tag":[],"class_list":{"0":"post-5013","1":"product","2":"type-product","3":"status-publish","4":"has-post-thumbnail","6":"product_cat-toyota-uklujucivaci-vuca","7":"product_cat-uklujucivaci-vuca","8":"badges-style-3","10":"first","11":"instock","12":"shipping-taxable","13":"purchasable","14":"product-type-simple"},"yoast_head":"<!-- This site is optimized with the Yoast SEO plugin v26.4 - https:\/\/yoast.com\/wordpress\/plugins\/seo\/ -->\n<title>Uklju\u010diva\u010di vu\u010da 456HP Toyota Hilux 167 169 172 - duxtreme4x4<\/title>\n<meta name=\"robots\" content=\"index, follow, max-snippet:-1, max-image-preview:large, max-video-preview:-1\" \/>\n<link rel=\"canonical\" href=\"https:\/\/duxtreme4x4.com\/?product=ukljucivaci-vuca-456hp-toyota-hilux-167-169-172\" \/>\n<meta property=\"og:locale\" content=\"bs_BA\" \/>\n<meta property=\"og:type\" content=\"article\" \/>\n<meta property=\"og:title\" content=\"Uklju\u010diva\u010di vu\u010da 456HP Toyota Hilux 167 169 172 - duxtreme4x4\" \/>\n<meta property=\"og:description\" content=\"Specifikacije:  Manuelni uklju\u010diva\u010di vu\u010da SHX 456HP \u2013 crveni model High Performance  &nbsp;  Uklju\u010diva\u010di odgovaraju na :  &nbsp;   Toyota Hilux 167 1997+  Toyota Hilux 169 1997+  Toyota Hilux 172 1997+  Cijena se odnosi na par  Broj zubaca : 26\" \/>\n<meta property=\"og:url\" content=\"https:\/\/duxtreme4x4.com\/?product=ukljucivaci-vuca-456hp-toyota-hilux-167-169-172\" \/>\n<meta property=\"og:site_name\" content=\"duxtreme4x4\" \/>\n<meta property=\"og:image\" content=\"https:\/\/duxtreme4x4.com\/wp-content\/uploads\/2024\/07\/u2.jpg\" \/>\n\t<meta property=\"og:image:width\" content=\"1387\" \/>\n\t<meta property=\"og:image:height\" content=\"924\" \/>\n\t<meta property=\"og:image:type\" content=\"image\/jpeg\" \/>\n<meta name=\"twitter:card\" content=\"summary_large_image\" \/>\n<script type=\"application\/ld+json\" class=\"yoast-schema-graph\">{\"@context\":\"https:\/\/schema.org\",\"@graph\":[{\"@type\":\"WebPage\",\"@id\":\"https:\/\/duxtreme4x4.com\/?product=ukljucivaci-vuca-456hp-toyota-hilux-167-169-172\",\"url\":\"https:\/\/duxtreme4x4.com\/?product=ukljucivaci-vuca-456hp-toyota-hilux-167-169-172\",\"name\":\"Uklju\u010diva\u010di vu\u010da 456HP Toyota Hilux 167 169 172 - duxtreme4x4\",\"isPartOf\":{\"@id\":\"https:\/\/duxtreme4x4.com\/#website\"},\"primaryImageOfPage\":{\"@id\":\"https:\/\/duxtreme4x4.com\/?product=ukljucivaci-vuca-456hp-toyota-hilux-167-169-172#primaryimage\"},\"image\":{\"@id\":\"https:\/\/duxtreme4x4.com\/?product=ukljucivaci-vuca-456hp-toyota-hilux-167-169-172#primaryimage\"},\"thumbnailUrl\":\"https:\/\/duxtreme4x4.com\/wp-content\/uploads\/2024\/07\/u2.jpg\",\"datePublished\":\"2024-07-09T06:30:47+00:00\",\"breadcrumb\":{\"@id\":\"https:\/\/duxtreme4x4.com\/?product=ukljucivaci-vuca-456hp-toyota-hilux-167-169-172#breadcrumb\"},\"inLanguage\":\"bs-BA\",\"potentialAction\":[{\"@type\":\"ReadAction\",\"target\":[\"https:\/\/duxtreme4x4.com\/?product=ukljucivaci-vuca-456hp-toyota-hilux-167-169-172\"]}]},{\"@type\":\"ImageObject\",\"inLanguage\":\"bs-BA\",\"@id\":\"https:\/\/duxtreme4x4.com\/?product=ukljucivaci-vuca-456hp-toyota-hilux-167-169-172#primaryimage\",\"url\":\"https:\/\/duxtreme4x4.com\/wp-content\/uploads\/2024\/07\/u2.jpg\",\"contentUrl\":\"https:\/\/duxtreme4x4.com\/wp-content\/uploads\/2024\/07\/u2.jpg\",\"width\":1387,\"height\":924},{\"@type\":\"BreadcrumbList\",\"@id\":\"https:\/\/duxtreme4x4.com\/?product=ukljucivaci-vuca-456hp-toyota-hilux-167-169-172#breadcrumb\",\"itemListElement\":[{\"@type\":\"ListItem\",\"position\":1,\"name\":\"Home\",\"item\":\"https:\/\/duxtreme4x4.com\/\"},{\"@type\":\"ListItem\",\"position\":2,\"name\":\"Shop\",\"item\":\"https:\/\/duxtreme4x4.com\/?page_id=1705\"},{\"@type\":\"ListItem\",\"position\":3,\"name\":\"Uklju\u010diva\u010di vu\u010da 456HP Toyota Hilux 167 169 172\"}]},{\"@type\":\"WebSite\",\"@id\":\"https:\/\/duxtreme4x4.com\/#website\",\"url\":\"https:\/\/duxtreme4x4.com\/\",\"name\":\"duxtreme4x4\",\"description\":\"Off Road &amp; kamping oprema\",\"publisher\":{\"@id\":\"https:\/\/duxtreme4x4.com\/#organization\"},\"potentialAction\":[{\"@type\":\"SearchAction\",\"target\":{\"@type\":\"EntryPoint\",\"urlTemplate\":\"https:\/\/duxtreme4x4.com\/?s={search_term_string}\"},\"query-input\":{\"@type\":\"PropertyValueSpecification\",\"valueRequired\":true,\"valueName\":\"search_term_string\"}}],\"inLanguage\":\"bs-BA\"},{\"@type\":\"Organization\",\"@id\":\"https:\/\/duxtreme4x4.com\/#organization\",\"name\":\"duxtreme4x4\",\"url\":\"https:\/\/duxtreme4x4.com\/\",\"logo\":{\"@type\":\"ImageObject\",\"inLanguage\":\"bs-BA\",\"@id\":\"https:\/\/duxtreme4x4.com\/#\/schema\/logo\/image\/\",\"url\":\"https:\/\/duxtreme4x4.com\/wp-content\/uploads\/2022\/07\/LOGO-DUX-PNG.png\",\"contentUrl\":\"https:\/\/duxtreme4x4.com\/wp-content\/uploads\/2022\/07\/LOGO-DUX-PNG.png\",\"width\":222,\"height\":61,\"caption\":\"duxtreme4x4\"},\"image\":{\"@id\":\"https:\/\/duxtreme4x4.com\/#\/schema\/logo\/image\/\"}}]}<\/script>\n<!-- \/ Yoast SEO plugin. -->","yoast_head_json":{"title":"Uklju\u010diva\u010di vu\u010da 456HP Toyota Hilux 167 169 172 - duxtreme4x4","robots":{"index":"index","follow":"follow","max-snippet":"max-snippet:-1","max-image-preview":"max-image-preview:large","max-video-preview":"max-video-preview:-1"},"canonical":"https:\/\/duxtreme4x4.com\/?product=ukljucivaci-vuca-456hp-toyota-hilux-167-169-172","og_locale":"bs_BA","og_type":"article","og_title":"Uklju\u010diva\u010di vu\u010da 456HP Toyota Hilux 167 169 172 - duxtreme4x4","og_description":"Specifikacije:  Manuelni uklju\u010diva\u010di vu\u010da SHX 456HP \u2013 crveni model High Performance  &nbsp;  Uklju\u010diva\u010di odgovaraju na :  &nbsp;   Toyota Hilux 167 1997+  Toyota Hilux 169 1997+  Toyota Hilux 172 1997+  Cijena se odnosi na par  Broj zubaca : 26","og_url":"https:\/\/duxtreme4x4.com\/?product=ukljucivaci-vuca-456hp-toyota-hilux-167-169-172","og_site_name":"duxtreme4x4","og_image":[{"width":1387,"height":924,"url":"https:\/\/duxtreme4x4.com\/wp-content\/uploads\/2024\/07\/u2.jpg","type":"image\/jpeg"}],"twitter_card":"summary_large_image","schema":{"@context":"https:\/\/schema.org","@graph":[{"@type":"WebPage","@id":"https:\/\/duxtreme4x4.com\/?product=ukljucivaci-vuca-456hp-toyota-hilux-167-169-172","url":"https:\/\/duxtreme4x4.com\/?product=ukljucivaci-vuca-456hp-toyota-hilux-167-169-172","name":"Uklju\u010diva\u010di vu\u010da 456HP Toyota Hilux 167 169 172 - duxtreme4x4","isPartOf":{"@id":"https:\/\/duxtreme4x4.com\/#website"},"primaryImageOfPage":{"@id":"https:\/\/duxtreme4x4.com\/?product=ukljucivaci-vuca-456hp-toyota-hilux-167-169-172#primaryimage"},"image":{"@id":"https:\/\/duxtreme4x4.com\/?product=ukljucivaci-vuca-456hp-toyota-hilux-167-169-172#primaryimage"},"thumbnailUrl":"https:\/\/duxtreme4x4.com\/wp-content\/uploads\/2024\/07\/u2.jpg","datePublished":"2024-07-09T06:30:47+00:00","breadcrumb":{"@id":"https:\/\/duxtreme4x4.com\/?product=ukljucivaci-vuca-456hp-toyota-hilux-167-169-172#breadcrumb"},"inLanguage":"bs-BA","potentialAction":[{"@type":"ReadAction","target":["https:\/\/duxtreme4x4.com\/?product=ukljucivaci-vuca-456hp-toyota-hilux-167-169-172"]}]},{"@type":"ImageObject","inLanguage":"bs-BA","@id":"https:\/\/duxtreme4x4.com\/?product=ukljucivaci-vuca-456hp-toyota-hilux-167-169-172#primaryimage","url":"https:\/\/duxtreme4x4.com\/wp-content\/uploads\/2024\/07\/u2.jpg","contentUrl":"https:\/\/duxtreme4x4.com\/wp-content\/uploads\/2024\/07\/u2.jpg","width":1387,"height":924},{"@type":"BreadcrumbList","@id":"https:\/\/duxtreme4x4.com\/?product=ukljucivaci-vuca-456hp-toyota-hilux-167-169-172#breadcrumb","itemListElement":[{"@type":"ListItem","position":1,"name":"Home","item":"https:\/\/duxtreme4x4.com\/"},{"@type":"ListItem","position":2,"name":"Shop","item":"https:\/\/duxtreme4x4.com\/?page_id=1705"},{"@type":"ListItem","position":3,"name":"Uklju\u010diva\u010di vu\u010da 456HP Toyota Hilux 167 169 172"}]},{"@type":"WebSite","@id":"https:\/\/duxtreme4x4.com\/#website","url":"https:\/\/duxtreme4x4.com\/","name":"duxtreme4x4","description":"Off Road &amp; kamping oprema","publisher":{"@id":"https:\/\/duxtreme4x4.com\/#organization"},"potentialAction":[{"@type":"SearchAction","target":{"@type":"EntryPoint","urlTemplate":"https:\/\/duxtreme4x4.com\/?s={search_term_string}"},"query-input":{"@type":"PropertyValueSpecification","valueRequired":true,"valueName":"search_term_string"}}],"inLanguage":"bs-BA"},{"@type":"Organization","@id":"https:\/\/duxtreme4x4.com\/#organization","name":"duxtreme4x4","url":"https:\/\/duxtreme4x4.com\/","logo":{"@type":"ImageObject","inLanguage":"bs-BA","@id":"https:\/\/duxtreme4x4.com\/#\/schema\/logo\/image\/","url":"https:\/\/duxtreme4x4.com\/wp-content\/uploads\/2022\/07\/LOGO-DUX-PNG.png","contentUrl":"https:\/\/duxtreme4x4.com\/wp-content\/uploads\/2022\/07\/LOGO-DUX-PNG.png","width":222,"height":61,"caption":"duxtreme4x4"},"image":{"@id":"https:\/\/duxtreme4x4.com\/#\/schema\/logo\/image\/"}}]}},"_links":{"self":[{"href":"https:\/\/duxtreme4x4.com\/index.php?rest_route=\/wp\/v2\/product\/5013","targetHints":{"allow":["GET"]}}],"collection":[{"href":"https:\/\/duxtreme4x4.com\/index.php?rest_route=\/wp\/v2\/product"}],"about":[{"href":"https:\/\/duxtreme4x4.com\/index.php?rest_route=\/wp\/v2\/types\/product"}],"wp:featuredmedia":[{"embeddable":true,"href":"https:\/\/duxtreme4x4.com\/index.php?rest_route=\/wp\/v2\/media\/5002"}],"wp:attachment":[{"href":"https:\/\/duxtreme4x4.com\/index.php?rest_route=%2Fwp%2Fv2%2Fmedia&parent=5013"}],"wp:term":[{"taxonomy":"product_brand","embeddable":true,"href":"https:\/\/duxtreme4x4.com\/index.php?rest_route=%2Fwp%2Fv2%2Fproduct_brand&post=5013"},{"taxonomy":"product_cat","embeddable":true,"href":"https:\/\/duxtreme4x4.com\/index.php?rest_route=%2Fwp%2Fv2%2Fproduct_cat&post=5013"},{"taxonomy":"product_tag","embeddable":true,"href":"https:\/\/duxtreme4x4.com\/index.php?rest_route=%2Fwp%2Fv2%2Fproduct_tag&post=5013"}],"curies":[{"name":"wp","href":"https:\/\/api.w.org\/{rel}","templated":true}]}}