{"id":5096,"date":"2024-07-09T08:40:26","date_gmt":"2024-07-09T08:40:26","guid":{"rendered":"https:\/\/duxtreme4x4.com\/?post_type=product&#038;p=5096"},"modified":"2024-07-09T08:40:26","modified_gmt":"2024-07-09T08:40:26","slug":"lakesea-alligator-38-x-11-5-r15","status":"publish","type":"product","link":"https:\/\/duxtreme4x4.com\/?product=lakesea-alligator-38-x-11-5-r15","title":{"rendered":"Lakesea Alligator 38 x 11.5 R15"},"content":{"rendered":"","protected":false},"excerpt":{"rendered":"<p><strong>Specifikacije:<\/strong><\/p>\n<ul>\n<li>Dubina \u0161are 19 mm<\/li>\n<li>Visina gume 91 cm<\/li>\n<li>Indeks nosivosti i brzine 118K<\/li>\n<li>Ply rating 6<\/li>\n<\/ul>\n<p>&nbsp;<\/p>\n<p>Lakesea Alligator nove off road gume za blato. Specijalna konstrukcija \u0161are i fleksibilnih bo\u010dnih zidova omogu\u0107avaju izvrsnu trakciju kroz duboko blato i sposobnost \u010di\u0161\u0107enja gume.<\/p>\n<p>Posebno formulisana smjesa za dizajn gaznog sloja smanjuje rezanje i lomljenje gaznog sloja kako bi se osigurala vrhunska trakcija.<\/p>\n<p>Odlikuju se izvrsnom te\u017einom koja odgovara off road vozilima i voznim karakteristikama.<\/p>\n","protected":false},"featured_media":5097,"template":"","meta":[],"product_brand":[],"product_cat":[210],"product_tag":[],"class_list":{"0":"post-5096","1":"product","2":"type-product","3":"status-publish","4":"has-post-thumbnail","6":"product_cat-off-road-gume","7":"badges-style-3","9":"first","10":"instock","11":"shipping-taxable","12":"purchasable","13":"product-type-simple"},"yoast_head":"<!-- This site is optimized with the Yoast SEO plugin v26.4 - https:\/\/yoast.com\/wordpress\/plugins\/seo\/ -->\n<title>Lakesea Alligator 38 x 11.5 R15 - duxtreme4x4<\/title>\n<meta name=\"robots\" content=\"index, follow, max-snippet:-1, max-image-preview:large, max-video-preview:-1\" \/>\n<link rel=\"canonical\" href=\"https:\/\/duxtreme4x4.com\/?product=lakesea-alligator-38-x-11-5-r15\" \/>\n<meta property=\"og:locale\" content=\"bs_BA\" \/>\n<meta property=\"og:type\" content=\"article\" \/>\n<meta property=\"og:title\" content=\"Lakesea Alligator 38 x 11.5 R15 - duxtreme4x4\" \/>\n<meta property=\"og:description\" content=\"Specifikacije:   Dubina \u0161are 19 mm  Visina gume 91 cm  Indeks nosivosti i brzine 118K  Ply rating 6  &nbsp;  Lakesea Alligator nove off road gume za blato. Specijalna konstrukcija \u0161are i fleksibilnih bo\u010dnih zidova omogu\u0107avaju izvrsnu trakciju kroz duboko blato i sposobnost \u010di\u0161\u0107enja gume.  Posebno formulisana smjesa za dizajn gaznog sloja smanjuje rezanje i lomljenje gaznog sloja kako bi se osigurala vrhunska trakcija.  Odlikuju se izvrsnom te\u017einom koja odgovara off road vozilima i voznim karakteristikama.\" \/>\n<meta property=\"og:url\" content=\"https:\/\/duxtreme4x4.com\/?product=lakesea-alligator-38-x-11-5-r15\" \/>\n<meta property=\"og:site_name\" content=\"duxtreme4x4\" \/>\n<meta property=\"og:image\" content=\"https:\/\/duxtreme4x4.com\/wp-content\/uploads\/2024\/07\/22.png\" \/>\n\t<meta property=\"og:image:width\" content=\"526\" \/>\n\t<meta property=\"og:image:height\" content=\"475\" \/>\n\t<meta property=\"og:image:type\" content=\"image\/png\" \/>\n<meta name=\"twitter:card\" content=\"summary_large_image\" \/>\n<script type=\"application\/ld+json\" class=\"yoast-schema-graph\">{\"@context\":\"https:\/\/schema.org\",\"@graph\":[{\"@type\":\"WebPage\",\"@id\":\"https:\/\/duxtreme4x4.com\/?product=lakesea-alligator-38-x-11-5-r15\",\"url\":\"https:\/\/duxtreme4x4.com\/?product=lakesea-alligator-38-x-11-5-r15\",\"name\":\"Lakesea Alligator 38 x 11.5 R15 - duxtreme4x4\",\"isPartOf\":{\"@id\":\"https:\/\/duxtreme4x4.com\/#website\"},\"primaryImageOfPage\":{\"@id\":\"https:\/\/duxtreme4x4.com\/?product=lakesea-alligator-38-x-11-5-r15#primaryimage\"},\"image\":{\"@id\":\"https:\/\/duxtreme4x4.com\/?product=lakesea-alligator-38-x-11-5-r15#primaryimage\"},\"thumbnailUrl\":\"https:\/\/duxtreme4x4.com\/wp-content\/uploads\/2024\/07\/22.png\",\"datePublished\":\"2024-07-09T08:40:26+00:00\",\"breadcrumb\":{\"@id\":\"https:\/\/duxtreme4x4.com\/?product=lakesea-alligator-38-x-11-5-r15#breadcrumb\"},\"inLanguage\":\"bs-BA\",\"potentialAction\":[{\"@type\":\"ReadAction\",\"target\":[\"https:\/\/duxtreme4x4.com\/?product=lakesea-alligator-38-x-11-5-r15\"]}]},{\"@type\":\"ImageObject\",\"inLanguage\":\"bs-BA\",\"@id\":\"https:\/\/duxtreme4x4.com\/?product=lakesea-alligator-38-x-11-5-r15#primaryimage\",\"url\":\"https:\/\/duxtreme4x4.com\/wp-content\/uploads\/2024\/07\/22.png\",\"contentUrl\":\"https:\/\/duxtreme4x4.com\/wp-content\/uploads\/2024\/07\/22.png\",\"width\":526,\"height\":475},{\"@type\":\"BreadcrumbList\",\"@id\":\"https:\/\/duxtreme4x4.com\/?product=lakesea-alligator-38-x-11-5-r15#breadcrumb\",\"itemListElement\":[{\"@type\":\"ListItem\",\"position\":1,\"name\":\"Home\",\"item\":\"https:\/\/duxtreme4x4.com\/\"},{\"@type\":\"ListItem\",\"position\":2,\"name\":\"Shop\",\"item\":\"https:\/\/duxtreme4x4.com\/?page_id=1705\"},{\"@type\":\"ListItem\",\"position\":3,\"name\":\"Lakesea Alligator 38 x 11.5 R15\"}]},{\"@type\":\"WebSite\",\"@id\":\"https:\/\/duxtreme4x4.com\/#website\",\"url\":\"https:\/\/duxtreme4x4.com\/\",\"name\":\"duxtreme4x4\",\"description\":\"Off Road &amp; kamping oprema\",\"publisher\":{\"@id\":\"https:\/\/duxtreme4x4.com\/#organization\"},\"potentialAction\":[{\"@type\":\"SearchAction\",\"target\":{\"@type\":\"EntryPoint\",\"urlTemplate\":\"https:\/\/duxtreme4x4.com\/?s={search_term_string}\"},\"query-input\":{\"@type\":\"PropertyValueSpecification\",\"valueRequired\":true,\"valueName\":\"search_term_string\"}}],\"inLanguage\":\"bs-BA\"},{\"@type\":\"Organization\",\"@id\":\"https:\/\/duxtreme4x4.com\/#organization\",\"name\":\"duxtreme4x4\",\"url\":\"https:\/\/duxtreme4x4.com\/\",\"logo\":{\"@type\":\"ImageObject\",\"inLanguage\":\"bs-BA\",\"@id\":\"https:\/\/duxtreme4x4.com\/#\/schema\/logo\/image\/\",\"url\":\"https:\/\/duxtreme4x4.com\/wp-content\/uploads\/2022\/07\/LOGO-DUX-PNG.png\",\"contentUrl\":\"https:\/\/duxtreme4x4.com\/wp-content\/uploads\/2022\/07\/LOGO-DUX-PNG.png\",\"width\":222,\"height\":61,\"caption\":\"duxtreme4x4\"},\"image\":{\"@id\":\"https:\/\/duxtreme4x4.com\/#\/schema\/logo\/image\/\"}}]}<\/script>\n<!-- \/ Yoast SEO plugin. -->","yoast_head_json":{"title":"Lakesea Alligator 38 x 11.5 R15 - duxtreme4x4","robots":{"index":"index","follow":"follow","max-snippet":"max-snippet:-1","max-image-preview":"max-image-preview:large","max-video-preview":"max-video-preview:-1"},"canonical":"https:\/\/duxtreme4x4.com\/?product=lakesea-alligator-38-x-11-5-r15","og_locale":"bs_BA","og_type":"article","og_title":"Lakesea Alligator 38 x 11.5 R15 - duxtreme4x4","og_description":"Specifikacije:   Dubina \u0161are 19 mm  Visina gume 91 cm  Indeks nosivosti i brzine 118K  Ply rating 6  &nbsp;  Lakesea Alligator nove off road gume za blato. Specijalna konstrukcija \u0161are i fleksibilnih bo\u010dnih zidova omogu\u0107avaju izvrsnu trakciju kroz duboko blato i sposobnost \u010di\u0161\u0107enja gume.  Posebno formulisana smjesa za dizajn gaznog sloja smanjuje rezanje i lomljenje gaznog sloja kako bi se osigurala vrhunska trakcija.  Odlikuju se izvrsnom te\u017einom koja odgovara off road vozilima i voznim karakteristikama.","og_url":"https:\/\/duxtreme4x4.com\/?product=lakesea-alligator-38-x-11-5-r15","og_site_name":"duxtreme4x4","og_image":[{"width":526,"height":475,"url":"https:\/\/duxtreme4x4.com\/wp-content\/uploads\/2024\/07\/22.png","type":"image\/png"}],"twitter_card":"summary_large_image","schema":{"@context":"https:\/\/schema.org","@graph":[{"@type":"WebPage","@id":"https:\/\/duxtreme4x4.com\/?product=lakesea-alligator-38-x-11-5-r15","url":"https:\/\/duxtreme4x4.com\/?product=lakesea-alligator-38-x-11-5-r15","name":"Lakesea Alligator 38 x 11.5 R15 - duxtreme4x4","isPartOf":{"@id":"https:\/\/duxtreme4x4.com\/#website"},"primaryImageOfPage":{"@id":"https:\/\/duxtreme4x4.com\/?product=lakesea-alligator-38-x-11-5-r15#primaryimage"},"image":{"@id":"https:\/\/duxtreme4x4.com\/?product=lakesea-alligator-38-x-11-5-r15#primaryimage"},"thumbnailUrl":"https:\/\/duxtreme4x4.com\/wp-content\/uploads\/2024\/07\/22.png","datePublished":"2024-07-09T08:40:26+00:00","breadcrumb":{"@id":"https:\/\/duxtreme4x4.com\/?product=lakesea-alligator-38-x-11-5-r15#breadcrumb"},"inLanguage":"bs-BA","potentialAction":[{"@type":"ReadAction","target":["https:\/\/duxtreme4x4.com\/?product=lakesea-alligator-38-x-11-5-r15"]}]},{"@type":"ImageObject","inLanguage":"bs-BA","@id":"https:\/\/duxtreme4x4.com\/?product=lakesea-alligator-38-x-11-5-r15#primaryimage","url":"https:\/\/duxtreme4x4.com\/wp-content\/uploads\/2024\/07\/22.png","contentUrl":"https:\/\/duxtreme4x4.com\/wp-content\/uploads\/2024\/07\/22.png","width":526,"height":475},{"@type":"BreadcrumbList","@id":"https:\/\/duxtreme4x4.com\/?product=lakesea-alligator-38-x-11-5-r15#breadcrumb","itemListElement":[{"@type":"ListItem","position":1,"name":"Home","item":"https:\/\/duxtreme4x4.com\/"},{"@type":"ListItem","position":2,"name":"Shop","item":"https:\/\/duxtreme4x4.com\/?page_id=1705"},{"@type":"ListItem","position":3,"name":"Lakesea Alligator 38 x 11.5 R15"}]},{"@type":"WebSite","@id":"https:\/\/duxtreme4x4.com\/#website","url":"https:\/\/duxtreme4x4.com\/","name":"duxtreme4x4","description":"Off Road &amp; kamping oprema","publisher":{"@id":"https:\/\/duxtreme4x4.com\/#organization"},"potentialAction":[{"@type":"SearchAction","target":{"@type":"EntryPoint","urlTemplate":"https:\/\/duxtreme4x4.com\/?s={search_term_string}"},"query-input":{"@type":"PropertyValueSpecification","valueRequired":true,"valueName":"search_term_string"}}],"inLanguage":"bs-BA"},{"@type":"Organization","@id":"https:\/\/duxtreme4x4.com\/#organization","name":"duxtreme4x4","url":"https:\/\/duxtreme4x4.com\/","logo":{"@type":"ImageObject","inLanguage":"bs-BA","@id":"https:\/\/duxtreme4x4.com\/#\/schema\/logo\/image\/","url":"https:\/\/duxtreme4x4.com\/wp-content\/uploads\/2022\/07\/LOGO-DUX-PNG.png","contentUrl":"https:\/\/duxtreme4x4.com\/wp-content\/uploads\/2022\/07\/LOGO-DUX-PNG.png","width":222,"height":61,"caption":"duxtreme4x4"},"image":{"@id":"https:\/\/duxtreme4x4.com\/#\/schema\/logo\/image\/"}}]}},"_links":{"self":[{"href":"https:\/\/duxtreme4x4.com\/index.php?rest_route=\/wp\/v2\/product\/5096","targetHints":{"allow":["GET"]}}],"collection":[{"href":"https:\/\/duxtreme4x4.com\/index.php?rest_route=\/wp\/v2\/product"}],"about":[{"href":"https:\/\/duxtreme4x4.com\/index.php?rest_route=\/wp\/v2\/types\/product"}],"wp:featuredmedia":[{"embeddable":true,"href":"https:\/\/duxtreme4x4.com\/index.php?rest_route=\/wp\/v2\/media\/5097"}],"wp:attachment":[{"href":"https:\/\/duxtreme4x4.com\/index.php?rest_route=%2Fwp%2Fv2%2Fmedia&parent=5096"}],"wp:term":[{"taxonomy":"product_brand","embeddable":true,"href":"https:\/\/duxtreme4x4.com\/index.php?rest_route=%2Fwp%2Fv2%2Fproduct_brand&post=5096"},{"taxonomy":"product_cat","embeddable":true,"href":"https:\/\/duxtreme4x4.com\/index.php?rest_route=%2Fwp%2Fv2%2Fproduct_cat&post=5096"},{"taxonomy":"product_tag","embeddable":true,"href":"https:\/\/duxtreme4x4.com\/index.php?rest_route=%2Fwp%2Fv2%2Fproduct_tag&post=5096"}],"curies":[{"name":"wp","href":"https:\/\/api.w.org\/{rel}","templated":true}]}}