{"id":5105,"date":"2024-07-09T08:44:30","date_gmt":"2024-07-09T08:44:30","guid":{"rendered":"https:\/\/duxtreme4x4.com\/?post_type=product&#038;p=5105"},"modified":"2024-07-09T08:44:30","modified_gmt":"2024-07-09T08:44:30","slug":"lakesea-extreme-mt-35-x-12-5-r16","status":"publish","type":"product","link":"https:\/\/duxtreme4x4.com\/?product=lakesea-extreme-mt-35-x-12-5-r16","title":{"rendered":"Lakesea Extreme MT 35 x 12.5 R16"},"content":{"rendered":"","protected":false},"excerpt":{"rendered":"<p><strong>Specifikacije:<\/strong><\/p>\n<ul>\n<li>Dubina \u0161are 20 mm<\/li>\n<li>Visina gume 87 cm<\/li>\n<li>Indeks nosivosti i brzine 127M<\/li>\n<li>Ply rating 10<\/li>\n<\/ul>\n<p>&nbsp;<\/p>\n<p>-Veliki zupci u ramenu pru\u017eaju ekstremnu trakciju u off roadu<\/p>\n<p>-Pojasevi oja\u010dani najlonom daju dodatnu \u010dvrsto\u0107u.<\/p>\n<p>&#8211; Pojasevi visoke \u010dvrsto\u0107e pobolj\u0161avaju stabilnost i izdr\u017eljivost upravljanja<\/p>\n<p>&#8211; Izbaciva\u010d kamenja u utorima bokova poma\u017ee u sprje\u010davanju o\u0161te\u0107enja gume od kamenja ili vanjskih udaraca i pove\u0107ava samopouzdanje u upravljanju<\/p>\n<p>&#8211; Dubina \u0161are od 20 mm poma\u017ee u najboljoj vo\u017enji na mekom terenu<\/p>\n","protected":false},"featured_media":5107,"template":"","meta":[],"product_brand":[],"product_cat":[210],"product_tag":[],"class_list":{"0":"post-5105","1":"product","2":"type-product","3":"status-publish","4":"has-post-thumbnail","6":"product_cat-off-road-gume","7":"badges-style-3","9":"first","10":"instock","11":"shipping-taxable","12":"purchasable","13":"product-type-simple"},"yoast_head":"<!-- This site is optimized with the Yoast SEO plugin v26.4 - https:\/\/yoast.com\/wordpress\/plugins\/seo\/ -->\n<title>Lakesea Extreme MT 35 x 12.5 R16 - duxtreme4x4<\/title>\n<meta name=\"robots\" content=\"index, follow, max-snippet:-1, max-image-preview:large, max-video-preview:-1\" \/>\n<link rel=\"canonical\" href=\"https:\/\/duxtreme4x4.com\/?product=lakesea-extreme-mt-35-x-12-5-r16\" \/>\n<meta property=\"og:locale\" content=\"bs_BA\" \/>\n<meta property=\"og:type\" content=\"article\" \/>\n<meta property=\"og:title\" content=\"Lakesea Extreme MT 35 x 12.5 R16 - duxtreme4x4\" \/>\n<meta property=\"og:description\" content=\"Specifikacije:   Dubina \u0161are 20 mm  Visina gume 87 cm  Indeks nosivosti i brzine 127M  Ply rating 10  &nbsp;  -Veliki zupci u ramenu pru\u017eaju ekstremnu trakciju u off roadu  -Pojasevi oja\u010dani najlonom daju dodatnu \u010dvrsto\u0107u.  - Pojasevi visoke \u010dvrsto\u0107e pobolj\u0161avaju stabilnost i izdr\u017eljivost upravljanja  - Izbaciva\u010d kamenja u utorima bokova poma\u017ee u sprje\u010davanju o\u0161te\u0107enja gume od kamenja ili vanjskih udaraca i pove\u0107ava samopouzdanje u upravljanju  - Dubina \u0161are od 20 mm poma\u017ee u najboljoj vo\u017enji na mekom terenu\" \/>\n<meta property=\"og:url\" content=\"https:\/\/duxtreme4x4.com\/?product=lakesea-extreme-mt-35-x-12-5-r16\" \/>\n<meta property=\"og:site_name\" content=\"duxtreme4x4\" \/>\n<meta property=\"og:image\" content=\"https:\/\/duxtreme4x4.com\/wp-content\/uploads\/2024\/07\/26.jpg\" \/>\n\t<meta property=\"og:image:width\" content=\"534\" \/>\n\t<meta property=\"og:image:height\" content=\"800\" \/>\n\t<meta property=\"og:image:type\" content=\"image\/jpeg\" \/>\n<meta name=\"twitter:card\" content=\"summary_large_image\" \/>\n<script type=\"application\/ld+json\" class=\"yoast-schema-graph\">{\"@context\":\"https:\/\/schema.org\",\"@graph\":[{\"@type\":\"WebPage\",\"@id\":\"https:\/\/duxtreme4x4.com\/?product=lakesea-extreme-mt-35-x-12-5-r16\",\"url\":\"https:\/\/duxtreme4x4.com\/?product=lakesea-extreme-mt-35-x-12-5-r16\",\"name\":\"Lakesea Extreme MT 35 x 12.5 R16 - duxtreme4x4\",\"isPartOf\":{\"@id\":\"https:\/\/duxtreme4x4.com\/#website\"},\"primaryImageOfPage\":{\"@id\":\"https:\/\/duxtreme4x4.com\/?product=lakesea-extreme-mt-35-x-12-5-r16#primaryimage\"},\"image\":{\"@id\":\"https:\/\/duxtreme4x4.com\/?product=lakesea-extreme-mt-35-x-12-5-r16#primaryimage\"},\"thumbnailUrl\":\"https:\/\/duxtreme4x4.com\/wp-content\/uploads\/2024\/07\/26.jpg\",\"datePublished\":\"2024-07-09T08:44:30+00:00\",\"breadcrumb\":{\"@id\":\"https:\/\/duxtreme4x4.com\/?product=lakesea-extreme-mt-35-x-12-5-r16#breadcrumb\"},\"inLanguage\":\"bs-BA\",\"potentialAction\":[{\"@type\":\"ReadAction\",\"target\":[\"https:\/\/duxtreme4x4.com\/?product=lakesea-extreme-mt-35-x-12-5-r16\"]}]},{\"@type\":\"ImageObject\",\"inLanguage\":\"bs-BA\",\"@id\":\"https:\/\/duxtreme4x4.com\/?product=lakesea-extreme-mt-35-x-12-5-r16#primaryimage\",\"url\":\"https:\/\/duxtreme4x4.com\/wp-content\/uploads\/2024\/07\/26.jpg\",\"contentUrl\":\"https:\/\/duxtreme4x4.com\/wp-content\/uploads\/2024\/07\/26.jpg\",\"width\":534,\"height\":800},{\"@type\":\"BreadcrumbList\",\"@id\":\"https:\/\/duxtreme4x4.com\/?product=lakesea-extreme-mt-35-x-12-5-r16#breadcrumb\",\"itemListElement\":[{\"@type\":\"ListItem\",\"position\":1,\"name\":\"Home\",\"item\":\"https:\/\/duxtreme4x4.com\/\"},{\"@type\":\"ListItem\",\"position\":2,\"name\":\"Shop\",\"item\":\"https:\/\/duxtreme4x4.com\/?page_id=1705\"},{\"@type\":\"ListItem\",\"position\":3,\"name\":\"Lakesea Extreme MT 35 x 12.5 R16\"}]},{\"@type\":\"WebSite\",\"@id\":\"https:\/\/duxtreme4x4.com\/#website\",\"url\":\"https:\/\/duxtreme4x4.com\/\",\"name\":\"duxtreme4x4\",\"description\":\"Off Road &amp; kamping oprema\",\"publisher\":{\"@id\":\"https:\/\/duxtreme4x4.com\/#organization\"},\"potentialAction\":[{\"@type\":\"SearchAction\",\"target\":{\"@type\":\"EntryPoint\",\"urlTemplate\":\"https:\/\/duxtreme4x4.com\/?s={search_term_string}\"},\"query-input\":{\"@type\":\"PropertyValueSpecification\",\"valueRequired\":true,\"valueName\":\"search_term_string\"}}],\"inLanguage\":\"bs-BA\"},{\"@type\":\"Organization\",\"@id\":\"https:\/\/duxtreme4x4.com\/#organization\",\"name\":\"duxtreme4x4\",\"url\":\"https:\/\/duxtreme4x4.com\/\",\"logo\":{\"@type\":\"ImageObject\",\"inLanguage\":\"bs-BA\",\"@id\":\"https:\/\/duxtreme4x4.com\/#\/schema\/logo\/image\/\",\"url\":\"https:\/\/duxtreme4x4.com\/wp-content\/uploads\/2022\/07\/LOGO-DUX-PNG.png\",\"contentUrl\":\"https:\/\/duxtreme4x4.com\/wp-content\/uploads\/2022\/07\/LOGO-DUX-PNG.png\",\"width\":222,\"height\":61,\"caption\":\"duxtreme4x4\"},\"image\":{\"@id\":\"https:\/\/duxtreme4x4.com\/#\/schema\/logo\/image\/\"}}]}<\/script>\n<!-- \/ Yoast SEO plugin. -->","yoast_head_json":{"title":"Lakesea Extreme MT 35 x 12.5 R16 - duxtreme4x4","robots":{"index":"index","follow":"follow","max-snippet":"max-snippet:-1","max-image-preview":"max-image-preview:large","max-video-preview":"max-video-preview:-1"},"canonical":"https:\/\/duxtreme4x4.com\/?product=lakesea-extreme-mt-35-x-12-5-r16","og_locale":"bs_BA","og_type":"article","og_title":"Lakesea Extreme MT 35 x 12.5 R16 - duxtreme4x4","og_description":"Specifikacije:   Dubina \u0161are 20 mm  Visina gume 87 cm  Indeks nosivosti i brzine 127M  Ply rating 10  &nbsp;  -Veliki zupci u ramenu pru\u017eaju ekstremnu trakciju u off roadu  -Pojasevi oja\u010dani najlonom daju dodatnu \u010dvrsto\u0107u.  - Pojasevi visoke \u010dvrsto\u0107e pobolj\u0161avaju stabilnost i izdr\u017eljivost upravljanja  - Izbaciva\u010d kamenja u utorima bokova poma\u017ee u sprje\u010davanju o\u0161te\u0107enja gume od kamenja ili vanjskih udaraca i pove\u0107ava samopouzdanje u upravljanju  - Dubina \u0161are od 20 mm poma\u017ee u najboljoj vo\u017enji na mekom terenu","og_url":"https:\/\/duxtreme4x4.com\/?product=lakesea-extreme-mt-35-x-12-5-r16","og_site_name":"duxtreme4x4","og_image":[{"width":534,"height":800,"url":"https:\/\/duxtreme4x4.com\/wp-content\/uploads\/2024\/07\/26.jpg","type":"image\/jpeg"}],"twitter_card":"summary_large_image","schema":{"@context":"https:\/\/schema.org","@graph":[{"@type":"WebPage","@id":"https:\/\/duxtreme4x4.com\/?product=lakesea-extreme-mt-35-x-12-5-r16","url":"https:\/\/duxtreme4x4.com\/?product=lakesea-extreme-mt-35-x-12-5-r16","name":"Lakesea Extreme MT 35 x 12.5 R16 - duxtreme4x4","isPartOf":{"@id":"https:\/\/duxtreme4x4.com\/#website"},"primaryImageOfPage":{"@id":"https:\/\/duxtreme4x4.com\/?product=lakesea-extreme-mt-35-x-12-5-r16#primaryimage"},"image":{"@id":"https:\/\/duxtreme4x4.com\/?product=lakesea-extreme-mt-35-x-12-5-r16#primaryimage"},"thumbnailUrl":"https:\/\/duxtreme4x4.com\/wp-content\/uploads\/2024\/07\/26.jpg","datePublished":"2024-07-09T08:44:30+00:00","breadcrumb":{"@id":"https:\/\/duxtreme4x4.com\/?product=lakesea-extreme-mt-35-x-12-5-r16#breadcrumb"},"inLanguage":"bs-BA","potentialAction":[{"@type":"ReadAction","target":["https:\/\/duxtreme4x4.com\/?product=lakesea-extreme-mt-35-x-12-5-r16"]}]},{"@type":"ImageObject","inLanguage":"bs-BA","@id":"https:\/\/duxtreme4x4.com\/?product=lakesea-extreme-mt-35-x-12-5-r16#primaryimage","url":"https:\/\/duxtreme4x4.com\/wp-content\/uploads\/2024\/07\/26.jpg","contentUrl":"https:\/\/duxtreme4x4.com\/wp-content\/uploads\/2024\/07\/26.jpg","width":534,"height":800},{"@type":"BreadcrumbList","@id":"https:\/\/duxtreme4x4.com\/?product=lakesea-extreme-mt-35-x-12-5-r16#breadcrumb","itemListElement":[{"@type":"ListItem","position":1,"name":"Home","item":"https:\/\/duxtreme4x4.com\/"},{"@type":"ListItem","position":2,"name":"Shop","item":"https:\/\/duxtreme4x4.com\/?page_id=1705"},{"@type":"ListItem","position":3,"name":"Lakesea Extreme MT 35 x 12.5 R16"}]},{"@type":"WebSite","@id":"https:\/\/duxtreme4x4.com\/#website","url":"https:\/\/duxtreme4x4.com\/","name":"duxtreme4x4","description":"Off Road &amp; kamping oprema","publisher":{"@id":"https:\/\/duxtreme4x4.com\/#organization"},"potentialAction":[{"@type":"SearchAction","target":{"@type":"EntryPoint","urlTemplate":"https:\/\/duxtreme4x4.com\/?s={search_term_string}"},"query-input":{"@type":"PropertyValueSpecification","valueRequired":true,"valueName":"search_term_string"}}],"inLanguage":"bs-BA"},{"@type":"Organization","@id":"https:\/\/duxtreme4x4.com\/#organization","name":"duxtreme4x4","url":"https:\/\/duxtreme4x4.com\/","logo":{"@type":"ImageObject","inLanguage":"bs-BA","@id":"https:\/\/duxtreme4x4.com\/#\/schema\/logo\/image\/","url":"https:\/\/duxtreme4x4.com\/wp-content\/uploads\/2022\/07\/LOGO-DUX-PNG.png","contentUrl":"https:\/\/duxtreme4x4.com\/wp-content\/uploads\/2022\/07\/LOGO-DUX-PNG.png","width":222,"height":61,"caption":"duxtreme4x4"},"image":{"@id":"https:\/\/duxtreme4x4.com\/#\/schema\/logo\/image\/"}}]}},"_links":{"self":[{"href":"https:\/\/duxtreme4x4.com\/index.php?rest_route=\/wp\/v2\/product\/5105","targetHints":{"allow":["GET"]}}],"collection":[{"href":"https:\/\/duxtreme4x4.com\/index.php?rest_route=\/wp\/v2\/product"}],"about":[{"href":"https:\/\/duxtreme4x4.com\/index.php?rest_route=\/wp\/v2\/types\/product"}],"wp:featuredmedia":[{"embeddable":true,"href":"https:\/\/duxtreme4x4.com\/index.php?rest_route=\/wp\/v2\/media\/5107"}],"wp:attachment":[{"href":"https:\/\/duxtreme4x4.com\/index.php?rest_route=%2Fwp%2Fv2%2Fmedia&parent=5105"}],"wp:term":[{"taxonomy":"product_brand","embeddable":true,"href":"https:\/\/duxtreme4x4.com\/index.php?rest_route=%2Fwp%2Fv2%2Fproduct_brand&post=5105"},{"taxonomy":"product_cat","embeddable":true,"href":"https:\/\/duxtreme4x4.com\/index.php?rest_route=%2Fwp%2Fv2%2Fproduct_cat&post=5105"},{"taxonomy":"product_tag","embeddable":true,"href":"https:\/\/duxtreme4x4.com\/index.php?rest_route=%2Fwp%2Fv2%2Fproduct_tag&post=5105"}],"curies":[{"name":"wp","href":"https:\/\/api.w.org\/{rel}","templated":true}]}}